{"id":831,"date":"2019-09-06T09:46:07","date_gmt":"2019-09-06T07:46:07","guid":{"rendered":"http:\/\/www.comyn-conservation.com\/Test002\/?page_id=831"},"modified":"2025-09-29T16:27:36","modified_gmt":"2025-09-29T14:27:36","slug":"thermonubilisation-des-pommes-de-terre","status":"publish","type":"page","link":"https:\/\/www.comyn-conservation.com\/index.php\/thermonubilisation-des-pommes-de-terre\/","title":{"rendered":"Thermon\u00e9bulisation des pommes de terre"},"content":{"rendered":"\t\t<div data-elementor-type=\"wp-page\" data-elementor-id=\"831\" class=\"elementor elementor-831\">\n\t\t\t\t<div class=\"elementor-element elementor-element-3e5088ab e-flex e-con-boxed wpr-particle-no wpr-jarallax-no wpr-parallax-no wpr-sticky-section-no e-con e-parent\" data-id=\"3e5088ab\" data-element_type=\"container\" data-e-type=\"container\">\n\t\t\t\t\t<div class=\"e-con-inner\">\n\t\t\t\t<div class=\"elementor-element elementor-element-f4e89a6 elementor-widget elementor-widget-html\" data-id=\"f4e89a6\" data-element_type=\"widget\" data-e-type=\"widget\" data-widget_type=\"html.default\">\n\t\t\t\t<div class=\"elementor-widget-container\">\n\t\t\t\t\t<section class=\"section-vrac\">\n  <div class=\"container\">\n    <h1>Thermon\u00e9bulisation en prestation<\/h1>\n\n    <div class=\"vrac-content\">\n      <div class=\"vrac-text\">\n        <p>\n          <b>La thermon\u00e9bulisation : une solution efficace pour vos traitements<\/b><br\/><br\/>\n\nLa thermon\u00e9bulisation est une technique qui permet de transformer un liquide en tr\u00e8s fines gouttelettes gr\u00e2ce \u00e0 un flux d\u2019air chaud. Ces microgouttelettes sont ensuite diffus\u00e9es dans le volume de stockage par la ventilation, ce qui permet un d\u00e9p\u00f4t homog\u00e8ne sur les produits.\n<br\/><br\/>\nIl existe plusieurs types d'appareils de thermon\u00e9bulisation, fonctionnant \u00e0 l\u2019\u00e9lectricit\u00e9 ou au fioul, avec des performances variables selon la technologie utilis\u00e9e (taille et r\u00e9gularit\u00e9 des gouttelettes).\n<br\/><br\/>\n    \u26a0\ufe0f La thermon\u00e9bulisation est un exercice d\u00e9licat qui demande pr\u00e9cision et rigueur. Pour garantir son efficacit\u00e9 tout en assurant la s\u00e9curit\u00e9 des utilisateurs et la qualit\u00e9 des produits, il est indispensable de respecter les r\u00e8gles de bonnes pratiques lors de son utilisation.\n<br\/><br\/>\nPour nos interventions, nous utilisons l\u2019Electrofog, un appareil fiable et \u00e9prouv\u00e9, pour les traitements antigerminatifs des pommes de terre en vrac ou en caisses. \n<br\/><br\/>\n\n\ud83d\udd27 Un service de location de' l\u2019'Electrofog est \u00e9galement disponible pour les agriculteurs souhaitant effectuer eux-m\u00eames leurs applications, dans le respect des bonnes pratiques.\n        <\/p>\n      <\/div>\n\n      <div class=\"vrac-image\">\n        <img decoding=\"async\" src=\"http:\/\/www.comyn-conservation.com\/Images\/brouillard.jpg \" alt=\"Thermon\u00e9bulisation\" \/>\n      <\/div>\n    <\/div>\n  <\/div>\n<\/section>\n\n<style>\n.section-vrac {\n  background: #f7f7f7;\n  padding: 60px 20px;\n  font-family: 'Arial', sans-serif;\n  color: #333;\n}\n\n.container {\n  max-width: 1100px;\n  margin: 0 auto;\n}\n\n.section-vrac h1 {\n  text-align: left\n  font-size: 2.2em;\n  color: #4a7c2e;\n  margin-bottom: 40px;\n}\n\n.vrac-content {\n  display: flex;\n  flex-wrap: wrap;\n  gap: 40px;\n  align-items: flex-start;\n}\n\n.vrac-text {\n  flex: 1 1 55%;\n  font-size: 1.05em;\n  line-height: 1.6;\n}\n\n.vrac-text ul {\n  padding-left: 20px;\n  margin: 15px 0;\n}\n\n.vrac-text li {\n  margin-bottom: 10px;\n}\n\n.vrac-image {\n  flex: 1 1 40%;\n  text-align: center;\n}\n\n.vrac-image img {\n  max-width: 75%;\n  border-radius: 10px;\n  box-shadow: 0 2px 10px rgba(0,0,0,0.1);\n}\n\n<\/style>\n\n<div style=\"\n  background-color: #002947;\n  color: #FFFFFF;\n  padding: 20px;\n  max-width: 800px;\n  margin: 40px auto;\n  border-radius: 8px;\n  text-align: center;\n  font-family: sans-serif;\n\">\n  <p style=\"margin: 0; color: #FFFFFF\";>\n   AVANT TOUTE UTILISATION, LISEZ L\u2019\u00c9TIQUETTE ET LES INFORMATIONS CONCERNANT LE PRODUIT.<br\/>\n\nAgr\u00e9ment PI00313 : application et distribution de produits phytopharmaceutiques \u00e0 des utilisateurs professionnels.\n\n  <\/p>\n<\/div>\t\t\t\t<\/div>\n\t\t\t\t<\/div>\n\t\t\t\t\t<\/div>\n\t\t\t\t<\/div>\n\t\t\t\t<\/div>\n\t\t","protected":false},"excerpt":{"rendered":"<p>Thermon\u00e9bulisation en prestation La thermon\u00e9bulisation : une solution efficace pour vos traitements La thermon\u00e9bulisation est une technique qui permet de transformer un liquide en tr\u00e8s fines gouttelettes gr\u00e2ce \u00e0 un flux d\u2019air chaud. Ces microgouttelettes sont ensuite diffus\u00e9es dans le volume de stockage par la ventilation, ce qui permet un d\u00e9p\u00f4t homog\u00e8ne sur les produits. Il existe plusieurs types d&rsquo;appareils de thermon\u00e9bulisation, fonctionnant \u00e0 l\u2019\u00e9lectricit\u00e9 ou au fioul, avec des performances variables selon la technologie utilis\u00e9e (taille et r\u00e9gularit\u00e9 des gouttelettes). \u26a0\ufe0f La thermon\u00e9bulisation est un exercice d\u00e9licat qui demande pr\u00e9cision et rigueur. Pour garantir son efficacit\u00e9 tout en assurant la s\u00e9curit\u00e9 des utilisateurs et la qualit\u00e9 des produits, il est indispensable de respecter les r\u00e8gles de bonnes pratiques lors de son utilisation. Pour nos interventions, nous utilisons l\u2019Electrofog, un appareil fiable et \u00e9prouv\u00e9, pour les traitements antigerminatifs des pommes de terre en vrac ou en caisses. \ud83d\udd27 Un service de location de&rsquo; l\u2019&rsquo;Electrofog est \u00e9galement disponible pour les agriculteurs souhaitant effectuer eux-m\u00eames leurs applications, dans le respect des bonnes pratiques. AVANT TOUTE UTILISATION, LISEZ L\u2019\u00c9TIQUETTE ET LES INFORMATIONS CONCERNANT LE PRODUIT. Agr\u00e9ment PI00313 : application et distribution de produits phytopharmaceutiques \u00e0 des utilisateurs professionnels.<\/p>\n","protected":false},"author":1,"featured_media":0,"parent":0,"menu_order":0,"comment_status":"closed","ping_status":"closed","template":"","meta":{"footnotes":""},"class_list":["post-831","page","type-page","status-publish","hentry"],"_links":{"self":[{"href":"https:\/\/www.comyn-conservation.com\/index.php\/wp-json\/wp\/v2\/pages\/831","targetHints":{"allow":["GET"]}}],"collection":[{"href":"https:\/\/www.comyn-conservation.com\/index.php\/wp-json\/wp\/v2\/pages"}],"about":[{"href":"https:\/\/www.comyn-conservation.com\/index.php\/wp-json\/wp\/v2\/types\/page"}],"author":[{"embeddable":true,"href":"https:\/\/www.comyn-conservation.com\/index.php\/wp-json\/wp\/v2\/users\/1"}],"replies":[{"embeddable":true,"href":"https:\/\/www.comyn-conservation.com\/index.php\/wp-json\/wp\/v2\/comments?post=831"}],"version-history":[{"count":13,"href":"https:\/\/www.comyn-conservation.com\/index.php\/wp-json\/wp\/v2\/pages\/831\/revisions"}],"predecessor-version":[{"id":1317,"href":"https:\/\/www.comyn-conservation.com\/index.php\/wp-json\/wp\/v2\/pages\/831\/revisions\/1317"}],"wp:attachment":[{"href":"https:\/\/www.comyn-conservation.com\/index.php\/wp-json\/wp\/v2\/media?parent=831"}],"curies":[{"name":"wp","href":"https:\/\/api.w.org\/{rel}","templated":true}]}}