{"id":537,"date":"2019-05-03T10:59:39","date_gmt":"2019-05-03T08:59:39","guid":{"rendered":"http:\/\/www.comyn-conservation.com\/Test002\/?page_id=537"},"modified":"2025-09-29T16:20:47","modified_gmt":"2025-09-29T14:20:47","slug":"en-caisses-palettes","status":"publish","type":"page","link":"https:\/\/www.comyn-conservation.com\/index.php\/en-caisses-palettes\/","title":{"rendered":"En caisses (palox)"},"content":{"rendered":"\t\t<div data-elementor-type=\"wp-page\" data-elementor-id=\"537\" class=\"elementor elementor-537\">\n\t\t\t\t<div class=\"elementor-element elementor-element-72390805 e-flex e-con-boxed wpr-particle-no wpr-jarallax-no wpr-parallax-no wpr-sticky-section-no e-con e-parent\" data-id=\"72390805\" data-element_type=\"container\" data-e-type=\"container\">\n\t\t\t\t\t<div class=\"e-con-inner\">\n\t\t\t\t<div class=\"elementor-element elementor-element-92e948c elementor-widget elementor-widget-html\" data-id=\"92e948c\" data-element_type=\"widget\" data-e-type=\"widget\" data-widget_type=\"html.default\">\n\t\t\t\t<div class=\"elementor-widget-container\">\n\t\t\t\t\t<section class=\"section-vrac\">\n  <div class=\"container\">\n    <h1>Stockage en caisses<\/h1>\n\n    <div class=\"vrac-content\">\n      <div class=\"vrac-text\">\n        <p>\n          Cette m\u00e9thode de stockage pr\u00e9sente de nombreux avantages :<p\/>\n          <ul>\n              <li>La faible hauteur de stockage limite consid\u00e9rablement les ph\u00e9nom\u00e8nes de tassement et de facette.<\/li>\n              <li>Chaque caisse \u00e9tant consid\u00e9r\u00e9e comme un lot, le stockage et le d\u00e9stockage de multiples vari\u00e9t\u00e9s sont grandement facilit\u00e9s.<\/li>\n              <li>Cette m\u00e9thode permet \u00e9galement une r\u00e9duction significative de la perte de poids.<\/li>\n              <li>La structure du b\u00e2timent reste classique, sans besoin de murs porteurs ni de caniveaux de diffusion sous le sol.<\/li>\n          <\/ul>\n\n\n<p>Le plan de chargement des caisses doit \u00eatre \u00e9tudi\u00e9 avant la construction du b\u00e2timent et rigoureusement respect\u00e9.<\/p>\n\n\n      <\/div>\n\n      <div class=\"vrac-image\">\n        <img decoding=\"async\" src=\"http:\/\/www.comyn-conservation.com\/Images\/Stockage_palox.jpg\" alt=\"Stockage en caisses de pommes de terre\" \/>\n      <\/div>\n    <\/div>\n  <\/div>\n<\/section>\n\n<style>\n.section-vrac {\n  background: #f7f7f7;\n  padding: 60px 20px;\n  font-family: 'Arial', sans-serif;\n  color: #333;\n}\n\n.container {\n  max-width: 1100px;\n  margin: 0 auto;\n}\n\n.section-vrac h1 {\n  text-align: left;\n  font-size: 2.2em;\n  color: #4a7c2e;\n  margin-bottom: 40px;\n}\n\n.vrac-content {\n  display: flex;\n  flex-wrap: wrap;\n  gap: 40px;\n  align-items: flex-start;\n}\n\n.vrac-text {\n  flex: 1 1 55%;\n  font-size: 1.05em;\n  line-height: 1.6;\n}\n\n.vrac-text ul {\n  padding-left: 20px;\n  margin: 15px 0;\n}\n\n.vrac-text li {\n  margin-bottom: 10px;\n}\n\n.vrac-image {\n  flex: 1 1 40%;\n  text-align: center;\n}\n\n.vrac-image img {\n  max-width: 75%;\n  border-radius: 10px;\n  box-shadow: 0 2px 10px rgba(0,0,0,0.1);\n}\n\n@media (max-width: 768px) {\n  .vrac-content {\n    flex-direction: column;\n  }\n\n  .vrac-image, .vrac-text {\n    flex: 1 1 100%;\n  }\n}\n<\/style>\n\n\n\t\t\t\t<\/div>\n\t\t\t\t<\/div>\n\t\t\t\t\t<\/div>\n\t\t\t\t<\/div>\n\t\t\t\t<\/div>\n\t\t","protected":false},"excerpt":{"rendered":"<p>Stockage en caisses Cette m\u00e9thode de stockage pr\u00e9sente de nombreux avantages : La faible hauteur de stockage limite consid\u00e9rablement les ph\u00e9nom\u00e8nes de tassement et de facette. Chaque caisse \u00e9tant consid\u00e9r\u00e9e comme un lot, le stockage et le d\u00e9stockage de multiples vari\u00e9t\u00e9s sont grandement facilit\u00e9s. Cette m\u00e9thode permet \u00e9galement une r\u00e9duction significative de la perte de poids. La structure du b\u00e2timent reste classique, sans besoin de murs porteurs ni de caniveaux de diffusion sous le sol. Le plan de chargement des caisses doit \u00eatre \u00e9tudi\u00e9 avant la construction du b\u00e2timent et rigoureusement respect\u00e9.<\/p>\n","protected":false},"author":1,"featured_media":0,"parent":0,"menu_order":0,"comment_status":"closed","ping_status":"closed","template":"","meta":{"footnotes":""},"class_list":["post-537","page","type-page","status-publish","hentry"],"_links":{"self":[{"href":"https:\/\/www.comyn-conservation.com\/index.php\/wp-json\/wp\/v2\/pages\/537","targetHints":{"allow":["GET"]}}],"collection":[{"href":"https:\/\/www.comyn-conservation.com\/index.php\/wp-json\/wp\/v2\/pages"}],"about":[{"href":"https:\/\/www.comyn-conservation.com\/index.php\/wp-json\/wp\/v2\/types\/page"}],"author":[{"embeddable":true,"href":"https:\/\/www.comyn-conservation.com\/index.php\/wp-json\/wp\/v2\/users\/1"}],"replies":[{"embeddable":true,"href":"https:\/\/www.comyn-conservation.com\/index.php\/wp-json\/wp\/v2\/comments?post=537"}],"version-history":[{"count":16,"href":"https:\/\/www.comyn-conservation.com\/index.php\/wp-json\/wp\/v2\/pages\/537\/revisions"}],"predecessor-version":[{"id":1275,"href":"https:\/\/www.comyn-conservation.com\/index.php\/wp-json\/wp\/v2\/pages\/537\/revisions\/1275"}],"wp:attachment":[{"href":"https:\/\/www.comyn-conservation.com\/index.php\/wp-json\/wp\/v2\/media?parent=537"}],"curies":[{"name":"wp","href":"https:\/\/api.w.org\/{rel}","templated":true}]}}