{"id":44,"date":"2019-04-25T12:53:14","date_gmt":"2019-04-25T10:53:14","guid":{"rendered":"http:\/\/www.comyn-conservation.com\/Test002\/index.php\/contact\/"},"modified":"2026-02-15T09:57:10","modified_gmt":"2026-02-15T08:57:10","slug":"contact","status":"publish","type":"page","link":"https:\/\/www.comyn-conservation.com\/index.php\/contact\/","title":{"rendered":"Contact"},"content":{"rendered":"\t\t<div data-elementor-type=\"wp-page\" data-elementor-id=\"44\" class=\"elementor elementor-44\">\n\t\t\t\t<div class=\"elementor-element elementor-element-67c2de32 e-flex e-con-boxed wpr-particle-no wpr-jarallax-no wpr-parallax-no wpr-sticky-section-no e-con e-parent\" data-id=\"67c2de32\" data-element_type=\"container\" data-e-type=\"container\">\n\t\t\t\t\t<div class=\"e-con-inner\">\n\t\t\t\t<div class=\"elementor-element elementor-element-4c71c849 elementor-widget elementor-widget-text-editor\" data-id=\"4c71c849\" data-element_type=\"widget\" data-e-type=\"widget\" data-widget_type=\"text-editor.default\">\n\t\t\t\t<div class=\"elementor-widget-container\">\n\t\t\t\t\t\t\t\t\t\n<div class=\"wp-block-columns has-2-columns is-layout-flex wp-container-core-columns-is-layout-9d6595d7 wp-block-columns-is-layout-flex\">\n<div class=\"wp-block-column is-layout-flow wp-block-column-is-layout-flow\">\n<h2 class=\"wp-block-heading\">Formulaire de contact<\/h2>\n\n<p><style id=\"wpforms-css-vars-1252\">\n\t\t\t\t#wpforms-1252 {\n\t\t\t\t--wpforms-container-padding: 0px;\n--wpforms-container-border-width: 1px;\n--wpforms-container-border-radius: 3px;\n--wpforms-background-color: rgba(0, 0, 0, 0);\n--wpforms-field-size-input-height: 43px;\n--wpforms-field-size-input-spacing: 15px;\n--wpforms-field-size-font-size: 16px;\n--wpforms-field-size-line-height: 19px;\n--wpforms-field-size-padding-h: 14px;\n--wpforms-field-size-checkbox-size: 16px;\n--wpforms-field-size-sublabel-spacing: 5px;\n--wpforms-field-size-icon-size: 1;\n--wpforms-label-size-font-size: 16px;\n--wpforms-label-size-line-height: 19px;\n--wpforms-label-size-sublabel-font-size: 14px;\n--wpforms-label-size-sublabel-line-height: 17px;\n--wpforms-button-size-font-size: 17px;\n--wpforms-button-size-height: 41px;\n--wpforms-button-size-padding-h: 15px;\n--wpforms-button-size-margin-top: 10px;\n--wpforms-container-shadow-size-box-shadow: none;\n\t\t\t}\n\t\t\t<\/style><div class=\"wpforms-container wpforms-container-full wpforms-render-modern\" id=\"wpforms-1252\"><form id=\"wpforms-form-1252\" class=\"wpforms-validate wpforms-form wpforms-ajax-form\" data-formid=\"1252\" method=\"post\" enctype=\"multipart\/form-data\" action=\"\/index.php\/wp-json\/wp\/v2\/pages\/44\" data-token=\"539016c22484212e2735877d0cf0c1f8\" data-token-time=\"1777679699\"><noscript class=\"wpforms-error-noscript\">Veuillez activer JavaScript dans votre navigateur pour remplir ce formulaire.<\/noscript><div id=\"wpforms-error-noscript\" style=\"display: none;\">Veuillez activer JavaScript dans votre navigateur pour remplir ce formulaire.<\/div><div class=\"wpforms-field-container\"><div id=\"wpforms-1252-field_1-container\" class=\"wpforms-field wpforms-field-name\" data-field-id=\"1\"><label class=\"wpforms-field-label\" for=\"wpforms-1252-field_1\">Nom <span class=\"wpforms-required-label\" aria-hidden=\"true\">*<\/span><\/label><input type=\"text\" id=\"wpforms-1252-field_1\" class=\"wpforms-field-medium wpforms-field-required\" name=\"wpforms[fields][1]\" aria-errormessage=\"wpforms-1252-field_1-error\" required><\/div><div id=\"wpforms-1252-field_2-container\" class=\"wpforms-field wpforms-field-email\" data-field-id=\"2\"><label class=\"wpforms-field-label\" for=\"wpforms-1252-field_2\">E-mail <span class=\"wpforms-required-label\" aria-hidden=\"true\">*<\/span><\/label><input type=\"email\" id=\"wpforms-1252-field_2\" class=\"wpforms-field-medium wpforms-field-required\" name=\"wpforms[fields][2]\" spellcheck=\"false\" aria-errormessage=\"wpforms-1252-field_2-error\" required><\/div><div id=\"wpforms-1252-field_7-container\" class=\"wpforms-field wpforms-field-text\" data-field-id=\"7\"><label class=\"wpforms-field-label\" for=\"wpforms-1252-field_7\">T\u00e9l\u00e9phone \/ Portable <span class=\"wpforms-required-label\" aria-hidden=\"true\">*<\/span><\/label><input type=\"text\" id=\"wpforms-1252-field_7\" class=\"wpforms-field-small wpforms-field-required wpforms-limit-characters-enabled\" data-form-id=\"1252\" data-field-id=\"7\" data-text-limit=\"15\" name=\"wpforms[fields][7]\" aria-errormessage=\"wpforms-1252-field_7-error\" maxlength=\"15\" required><\/div>\t\t<div id=\"wpforms-1252-field_4-container\"\n\t\t\tclass=\"wpforms-field wpforms-field-text\"\n\t\t\tdata-field-type=\"text\"\n\t\t\tdata-field-id=\"4\"\n\t\t\t>\n\t\t\t<label class=\"wpforms-field-label\" for=\"wpforms-1252-field_4\" >Message T\u00e9l\u00e9phone \/<\/label>\n\t\t\t<input type=\"text\" id=\"wpforms-1252-field_4\" class=\"wpforms-field-medium\" name=\"wpforms[fields][4]\" >\n\t\t<\/div>\n\t\t<div id=\"wpforms-1252-field_6-container\" class=\"wpforms-field wpforms-field-text\" data-field-id=\"6\"><label class=\"wpforms-field-label\" for=\"wpforms-1252-field_6\">Adresse compl\u00e8te<\/label><input type=\"text\" id=\"wpforms-1252-field_6\" class=\"wpforms-field-medium\" name=\"wpforms[fields][6]\" aria-errormessage=\"wpforms-1252-field_6-error\" ><\/div><div id=\"wpforms-1252-field_3-container\" class=\"wpforms-field wpforms-field-textarea\" data-field-id=\"3\"><label class=\"wpforms-field-label\" for=\"wpforms-1252-field_3\">Message <span class=\"wpforms-required-label\" aria-hidden=\"true\">*<\/span><\/label><textarea id=\"wpforms-1252-field_3\" class=\"wpforms-field-medium wpforms-field-required\" name=\"wpforms[fields][3]\" aria-errormessage=\"wpforms-1252-field_3-error\" required><\/textarea><\/div><script>\n\t\t\t\t( function() {\n\t\t\t\t\tconst style = document.createElement( 'style' );\n\t\t\t\t\tstyle.appendChild( document.createTextNode( '#wpforms-1252-field_4-container { position: absolute !important; overflow: hidden !important; display: inline !important; height: 1px !important; width: 1px !important; z-index: -1000 !important; padding: 0 !important; } #wpforms-1252-field_4-container input { visibility: hidden; } #wpforms-conversational-form-page #wpforms-1252-field_4-container label { counter-increment: none; }' ) );\n\t\t\t\t\tdocument.head.appendChild( style );\n\t\t\t\t\tdocument.currentScript?.remove();\n\t\t\t\t} )();\n\t\t\t<\/script><\/div><!-- .wpforms-field-container --><div class=\"wpforms-recaptcha-container wpforms-is-recaptcha wpforms-is-recaptcha-type-v3\" ><input type=\"hidden\" name=\"wpforms[recaptcha]\" value=\"\"><\/div><div class=\"wpforms-submit-container\" ><input type=\"hidden\" name=\"wpforms[id]\" value=\"1252\"><input type=\"hidden\" name=\"page_title\" value=\"\"><input type=\"hidden\" name=\"page_url\" value=\"https:\/\/www.comyn-conservation.com\/index.php\/wp-json\/wp\/v2\/pages\/44\"><input type=\"hidden\" name=\"url_referer\" value=\"\"><button type=\"submit\" name=\"wpforms[submit]\" id=\"wpforms-submit-1252\" class=\"wpforms-submit\" data-alt-text=\"Envoi...\" data-submit-text=\"Envoyer\" aria-live=\"assertive\" value=\"wpforms-submit\">Envoyer<\/button><img decoding=\"async\" src=\"https:\/\/www.comyn-conservation.com\/wp-content\/plugins\/wpforms-lite\/assets\/images\/submit-spin.svg\" class=\"wpforms-submit-spinner\" style=\"display: none;\" width=\"26\" height=\"26\" alt=\"Chargement en cours\"><\/div><\/form><\/div>  <!-- .wpforms-container --><\/p>\n<\/div>\n\n<div class=\"wp-block-column is-layout-flow wp-block-column-is-layout-flow\">\n<p>Adresse: 59 rue de Flandre <br \/>80700 TILLOLOY<\/p>\n\n<p>Tel.: +33 (0)3 22 87 10 77<\/p>\n\n<p>\u00a0\u00a0\u00a0\u00a0<\/p>\n\n<figure>\u00a0\u00a0\u00a0\u00a0\u00a0\u00a0 <iframe src=\"https:\/\/www.google.com\/maps\/embed?pb=!1m18!1m12!1m3!1d2583.3014774598496!2d2.7481377153791167!3d49.648618579372744!2m3!1f0!2f0!3f0!3m2!1i1024!2i768!4f13.1!3m3!1m2!1s0x47e7dd7a78db0015%3A0x8175ffae921c2e48!2s59+Rue+de+Flandre%2C+80700+Tilloloy!5e0!3m2!1sfr!2sfr!4v1561623367506!5m2!1sfr!2sfr\" width=\"500\" height=\"400\" allowfullscreen=\"allowfullscreen\"><\/iframe><\/figure>\n\n<p>\u00a0<\/p>\n<\/div>\n<\/div>\n\n<p>\u00a0<\/p>\n\n<div id=\"sconnect-is-installed\" style=\"display: none;\">2.15.1.0<\/div>\n<div id=\"sconnect-is-installed\" style=\"display: none;\">2.15.1.0<\/div>\n<div id=\"sconnect-is-installed\" style=\"display: none;\">2.15.1.0<\/div>\n<div id=\"sconnect-is-installed\" style=\"display: none;\">2.15.1.0<\/div>\n<div id=\"sconnect-is-installed\" style=\"display: none;\">2.15.1.0<\/div>\n<div id=\"sconnect-is-installed\" style=\"display: none;\">2.15.1.0<\/div>\n<div id=\"sconnect-is-installed\" style=\"display: none;\">2.15.1.0<\/div>\n<div id=\"sconnect-is-installed\" style=\"display: none;\">2.15.1.0<\/div>\n<div id=\"sconnect-is-installed\" style=\"display: none;\">2.15.1.0<\/div>\n<div id=\"sconnect-is-installed\" style=\"display: none;\">2.15.1.0<\/div>\n<div id=\"sconnect-is-installed\" style=\"display: none;\">2.15.1.0<\/div>\n<div id=\"sconnect-is-installed\" style=\"display: none;\">2.15.1.0<\/div>\n<div id=\"sconnect-is-installed\" style=\"display: none;\">2.15.1.0<\/div>\t\t\t\t\t\t\t\t<\/div>\n\t\t\t\t<\/div>\n\t\t\t\t<div class=\"elementor-element elementor-element-7b55104 elementor-widget elementor-widget-text-editor\" data-id=\"7b55104\" data-element_type=\"widget\" data-e-type=\"widget\" data-widget_type=\"text-editor.default\">\n\t\t\t\t<div class=\"elementor-widget-container\">\n\t\t\t\t\t\t\t\t\t<p><p style=\"font-size:12px;color:#666;\">\nCe site est prot\u00e9g\u00e9 par reCAPTCHA afin de lutter contre les spams.\nLes donn\u00e9es collect\u00e9es sont trait\u00e9es conform\u00e9ment \u00e0 notre\n<a href=https:\/\/www.comyn-conservation.com\/index.php\/mentions-legales\/>politique de confidentialit\u00e9<\/a>.\n<\/p><\/p>\n<div id=\"sconnect-is-installed\" style=\"display: none;\">2.15.1.<\/div>\t\t\t\t\t\t\t\t<\/div>\n\t\t\t\t<\/div>\n\t\t\t\t\t<\/div>\n\t\t\t\t<\/div>\n\t\t\t\t<\/div>\n\t\t","protected":false},"excerpt":{"rendered":"<p>Formulaire de contact Adresse: 59 rue de Flandre 80700 TILLOLOY Tel.: +33 (0)3 22 87 10 77 \u00a0\u00a0\u00a0\u00a0 \u00a0\u00a0\u00a0\u00a0\u00a0\u00a0 \u00a0 \u00a0 2.15.1.0 2.15.1.0 2.15.1.0 2.15.1.0 2.15.1.0 2.15.1.0 2.15.1.0 2.15.1.0 2.15.1.0 2.15.1.0 2.15.1.0 2.15.1.0 2.15.1.0 Ce site est prot\u00e9g\u00e9 par reCAPTCHA afin de lutter contre les spams. Les donn\u00e9es collect\u00e9es sont trait\u00e9es conform\u00e9ment \u00e0 notre politique de confidentialit\u00e9. 2.15.1.<\/p>\n","protected":false},"author":1,"featured_media":0,"parent":0,"menu_order":0,"comment_status":"closed","ping_status":"closed","template":"template\/template-contact.php","meta":{"footnotes":""},"class_list":["post-44","page","type-page","status-publish","hentry"],"_links":{"self":[{"href":"https:\/\/www.comyn-conservation.com\/index.php\/wp-json\/wp\/v2\/pages\/44","targetHints":{"allow":["GET"]}}],"collection":[{"href":"https:\/\/www.comyn-conservation.com\/index.php\/wp-json\/wp\/v2\/pages"}],"about":[{"href":"https:\/\/www.comyn-conservation.com\/index.php\/wp-json\/wp\/v2\/types\/page"}],"author":[{"embeddable":true,"href":"https:\/\/www.comyn-conservation.com\/index.php\/wp-json\/wp\/v2\/users\/1"}],"replies":[{"embeddable":true,"href":"https:\/\/www.comyn-conservation.com\/index.php\/wp-json\/wp\/v2\/comments?post=44"}],"version-history":[{"count":27,"href":"https:\/\/www.comyn-conservation.com\/index.php\/wp-json\/wp\/v2\/pages\/44\/revisions"}],"predecessor-version":[{"id":1341,"href":"https:\/\/www.comyn-conservation.com\/index.php\/wp-json\/wp\/v2\/pages\/44\/revisions\/1341"}],"wp:attachment":[{"href":"https:\/\/www.comyn-conservation.com\/index.php\/wp-json\/wp\/v2\/media?parent=44"}],"curies":[{"name":"wp","href":"https:\/\/api.w.org\/{rel}","templated":true}]}}