{"id":383,"date":"2019-04-29T19:59:07","date_gmt":"2019-04-29T17:59:07","guid":{"rendered":"http:\/\/www.comyn-conservation.com\/Test002\/?page_id=383"},"modified":"2025-09-29T16:15:29","modified_gmt":"2025-09-29T14:15:29","slug":"ultrad-ha","status":"publish","type":"page","link":"https:\/\/www.comyn-conservation.com\/index.php\/ultrad-ha\/","title":{"rendered":"D\u00e9sinfection des stockages : ULTRAD HA"},"content":{"rendered":"\t\t<div data-elementor-type=\"wp-page\" data-elementor-id=\"383\" class=\"elementor elementor-383\">\n\t\t\t\t<div class=\"elementor-element elementor-element-358f4f57 e-flex e-con-boxed wpr-particle-no wpr-jarallax-no wpr-parallax-no wpr-sticky-section-no e-con e-parent\" data-id=\"358f4f57\" data-element_type=\"container\" data-e-type=\"container\">\n\t\t\t\t\t<div class=\"e-con-inner\">\n\t\t\t\t<div class=\"elementor-element elementor-element-4aacc6f elementor-widget elementor-widget-html\" data-id=\"4aacc6f\" data-element_type=\"widget\" data-e-type=\"widget\" data-widget_type=\"html.default\">\n\t\t\t\t<div class=\"elementor-widget-container\">\n\t\t\t\t\t<section class=\"section-vrac\">\n  <div class=\"container\">\n    <h1>ULTRAD HA<\/h1>\n\n    <div class=\"vrac-content\">\n      <div class=\"vrac-text\">\n        <p>\n<b>ULTRAD HA \u2013 D\u00e9sinfectant fumig\u00e8ne pour b\u00e2timents et palox<\/b>\n<br\/><br\/>\nULTRAD HA est un d\u00e9sinfectant de surface par voie a\u00e9rienne, pr\u00e9sent\u00e9 sous forme de fumig\u00e8ne. Il est sp\u00e9cialement con\u00e7u pour la d\u00e9sinfection bact\u00e9ricide, fongicide, levuricide des b\u00e2timents de stockage et des palox, dans un usage pr\u00e9ventif ou curatif, pour une hygi\u00e8ne professionnelle optimale.\n<br\/><br\/>\n<b>Cract\u00e9ristiques et usages<\/b><br\/>\n\n\n    <b>Type biocide 4<\/b> : d\u00e9sinfection des surfaces de process dans l\u2019industrie alimentaire (bact\u00e9ricide, fongicide, levuricide, virucide)<br\/>\n\n    <b>Type biocide 2<\/b> : d\u00e9sinfection des locaux et surfaces hors contact direct avec les aliments<br\/>\n    \n    <b>Substance active<\/b> : acide hydroxyac\u00e9tique \/ acide glycolique<br\/>\n\n    <b>Homologu\u00e9<\/b> : AMM n\u00b02060177<br\/><br\/>\n    \n\n\n<b>Avantages<\/b> <br\/>\n\n    - Pas de r\u00e9sidus ni d\u2019humidit\u00e9<br\/>\n    - Adapt\u00e9 aux produits biologiques<br\/>\n    - Mise en oeuvre simple sans op\u00e9rateur pendant la diffusion<br\/>\n    - Id\u00e9al pour b\u00e2timents vides, locaux et palox, apr\u00e8s nettoyage et s\u00e9chage\n    \n<br\/><br\/>\nULTRAD HA est disponible en fumig\u00e8ne de 400 gr et 1 kg.\n<br\/><br\/>\n<a href=\"http:\/\/www.comyn-conservation.com\/Doc\/PDF\/ULTRAD-FDS.pdf\" title=\"Fiche de Donn\u00e9es de S\u00e9curit\u00e9\">T\u00e9l\u00e9charger la Fiche de Donn\u00e9es de S\u00e9curit\u00e9<\/a>\n<br\/><br\/>\n<a href=\"http:\/\/www.comyn-conservation.com\/Doc\/PDF\/ULTRAD-FT.pdf\" title=\"Manuel Technique\">T\u00e9l\u00e9charger le manuel Technique<\/a>\n\n        <\/p>\n      <\/div>\n\n      <div class=\"vrac-image\">\n        <img decoding=\"async\" src=\"http:\/\/www.comyn-conservation.com\/Images\/ultrad.png\" alt=\"ULTRAD HA\" \/>\n<br\/><br\/><br\/><br\/><br\/><br\/><br\/><br\/><br\/><br\/>\n\n\n        <img decoding=\"async\" src=\"http:\/\/www.comyn-conservation.com\/Images\/ultradbox.jpg\" alt=\"ULTRAD HA\" \/>\n      <\/div>\n    <\/div>\n  <\/div>\n<\/section>\n\n\n\n<div style=\"\n  background-color: #002947;\n  color: #FFFFFF;\n  padding: 20px;\n  max-width: 800px;\n  margin: 40px auto;\n  border-radius: 8px;\n  text-align: center;\n  font-family: sans-serif;\n\">\n  <p style=\"margin: 0; color: #FFFFFF\";>\n   AVANT TOUTE UTILISATION, LISEZ L\u2019\u00c9TIQUETTE ET LES INFORMATIONS CONCERNANT LE PRODUIT.<br\/>\n\nAgr\u00e9ment PI00313 : application et distribution de produits phytopharmaceutiques \u00e0 des utilisateurs professionnels.\n\n  <\/p>\n<\/div>\n\n<style>\n.section-vrac {\n  background: #FFFFFF;\n  padding: 60px 20px;\n  font-family: 'Arial', sans-serif;\n  color: #333;\n}\n\n.container {\n  max-width: 1100px;\n  margin: 0 auto;\n}\n\n.section-vrac h1 {\n  text-align: left;\n  font-size: 2.2em;\n  color: #4a7c2e;\n  margin-bottom: 40px;\n}\n\n.vrac-content {\n  display: flex;\n  flex-wrap: wrap;\n  gap: 40px;\n  align-items: flex-start;\n}\n\n.vrac-text {\n  flex: 1 1 55%;\n  font-size: 1.05em;\n  line-height: 1.6;\n}\n\n.vrac-text ul {\n  padding-left: 20px;\n  margin: 15px 0;\n}\n\n.vrac-text li {\n  margin-bottom: 10px;\n}\n\n.vrac-image {\n  flex: 1 1 40%;\n  text-align: center;\n}\n\n.vrac-image img {\n  max-width: 75%;\n  border-radius: 10px;\n  box-shadow: 0 2px 10px rgba(0,0,0,0.1);\n}\n\n<\/style>\t\t\t\t<\/div>\n\t\t\t\t<\/div>\n\t\t\t\t\t<\/div>\n\t\t\t\t<\/div>\n\t\t\t\t<\/div>\n\t\t","protected":false},"excerpt":{"rendered":"<p>ULTRAD HA ULTRAD HA \u2013 D\u00e9sinfectant fumig\u00e8ne pour b\u00e2timents et palox ULTRAD HA est un d\u00e9sinfectant de surface par voie a\u00e9rienne, pr\u00e9sent\u00e9 sous forme de fumig\u00e8ne. Il est sp\u00e9cialement con\u00e7u pour la d\u00e9sinfection bact\u00e9ricide, fongicide, levuricide des b\u00e2timents de stockage et des palox, dans un usage pr\u00e9ventif ou curatif, pour une hygi\u00e8ne professionnelle optimale. Cract\u00e9ristiques et usages Type biocide 4 : d\u00e9sinfection des surfaces de process dans l\u2019industrie alimentaire (bact\u00e9ricide, fongicide, levuricide, virucide) Type biocide 2 : d\u00e9sinfection des locaux et surfaces hors contact direct avec les aliments Substance active : acide hydroxyac\u00e9tique \/ acide glycolique Homologu\u00e9 : AMM n\u00b02060177 Avantages &#8211; Pas de r\u00e9sidus ni d\u2019humidit\u00e9 &#8211; Adapt\u00e9 aux produits biologiques &#8211; Mise en oeuvre simple sans op\u00e9rateur pendant la diffusion &#8211; Id\u00e9al pour b\u00e2timents vides, locaux et palox, apr\u00e8s nettoyage et s\u00e9chage ULTRAD HA est disponible en fumig\u00e8ne de 400 gr et 1 kg. T\u00e9l\u00e9charger la Fiche de Donn\u00e9es de S\u00e9curit\u00e9 T\u00e9l\u00e9charger le manuel Technique AVANT TOUTE UTILISATION, LISEZ L\u2019\u00c9TIQUETTE ET LES INFORMATIONS CONCERNANT LE PRODUIT. Agr\u00e9ment PI00313 : application et distribution de produits phytopharmaceutiques \u00e0 des utilisateurs professionnels.<\/p>\n","protected":false},"author":1,"featured_media":0,"parent":0,"menu_order":0,"comment_status":"closed","ping_status":"closed","template":"","meta":{"footnotes":""},"class_list":["post-383","page","type-page","status-publish","hentry"],"_links":{"self":[{"href":"https:\/\/www.comyn-conservation.com\/index.php\/wp-json\/wp\/v2\/pages\/383","targetHints":{"allow":["GET"]}}],"collection":[{"href":"https:\/\/www.comyn-conservation.com\/index.php\/wp-json\/wp\/v2\/pages"}],"about":[{"href":"https:\/\/www.comyn-conservation.com\/index.php\/wp-json\/wp\/v2\/types\/page"}],"author":[{"embeddable":true,"href":"https:\/\/www.comyn-conservation.com\/index.php\/wp-json\/wp\/v2\/users\/1"}],"replies":[{"embeddable":true,"href":"https:\/\/www.comyn-conservation.com\/index.php\/wp-json\/wp\/v2\/comments?post=383"}],"version-history":[{"count":17,"href":"https:\/\/www.comyn-conservation.com\/index.php\/wp-json\/wp\/v2\/pages\/383\/revisions"}],"predecessor-version":[{"id":1269,"href":"https:\/\/www.comyn-conservation.com\/index.php\/wp-json\/wp\/v2\/pages\/383\/revisions\/1269"}],"wp:attachment":[{"href":"https:\/\/www.comyn-conservation.com\/index.php\/wp-json\/wp\/v2\/media?parent=383"}],"curies":[{"name":"wp","href":"https:\/\/api.w.org\/{rel}","templated":true}]}}