{"id":374,"date":"2019-04-29T19:55:03","date_gmt":"2019-04-29T17:55:03","guid":{"rendered":"http:\/\/www.comyn-conservation.com\/Test002\/?page_id=374"},"modified":"2025-09-29T16:24:23","modified_gmt":"2025-09-29T14:24:23","slug":"gaines","status":"publish","type":"page","link":"https:\/\/www.comyn-conservation.com\/index.php\/gaines\/","title":{"rendered":"Entretien des Electrofog"},"content":{"rendered":"\t\t<div data-elementor-type=\"wp-page\" data-elementor-id=\"374\" class=\"elementor elementor-374\">\n\t\t\t\t<div class=\"elementor-element elementor-element-5f427b78 e-flex e-con-boxed wpr-particle-no wpr-jarallax-no wpr-parallax-no wpr-sticky-section-no e-con e-parent\" data-id=\"5f427b78\" data-element_type=\"container\" data-e-type=\"container\">\n\t\t\t\t\t<div class=\"e-con-inner\">\n\t\t\t\t<div class=\"elementor-element elementor-element-6842a40 elementor-widget elementor-widget-html\" data-id=\"6842a40\" data-element_type=\"widget\" data-e-type=\"widget\" data-widget_type=\"html.default\">\n\t\t\t\t<div class=\"elementor-widget-container\">\n\t\t\t\t\t<section class=\"section-vrac\">\n  <div class=\"container\">\n    <h1>Entretien des Electrofog<\/h1>\n\n    <div class=\"vrac-content\">\n      <div class=\"vrac-text\">\n        <p>\n         <b>Entretien et d\u00e9pannage des Electrofog : s\u00e9curit\u00e9, rapidit\u00e9 et fiabilit\u00e9<\/b><br\/><br\/>\nLes appareils Electrofog sont indispensables pour la conservation de vos pommes de terre, mais n\u00e9cessitent une r\u00e9vision au moins une fois par campagne pour garantir leur s\u00e9curit\u00e9 et leur performance. Sans entretien, ils peuvent devenir dangereux (inflammation du canon) ou moins efficaces, ce qui peut nuire \u00e0 la qualit\u00e9 de vos produits.<br\/><br\/>\n\nLors de la maintenance, nous contr\u00f4lons la propret\u00e9 du canon, le bon fonctionnement des capteurs de temp\u00e9rature, les dispositifs de s\u00e9curit\u00e9 d\u2019arr\u00eat automatique, ainsi que la pompe pour optimiser l\u2019utilisation de l\u2019appareil. Nous proposons \u00e9galement des op\u00e9rations de d\u00e9contamination pour assurer un environnement sain et s\u00e9curitaire.<br\/><br\/>\n\nNotre service de d\u00e9pannage est rapide et li\u00e9 \u00e0 l\u2019achat de produits antigerminatif, vous assurant un suivi complet et une prise en charge prioritaire. Pendant la dur\u00e9e de l\u2019intervention, nous pouvons mettre \u00e0 votre disposition un appareil de pr\u00eat afin de ne pas interrompre votre activit\u00e9.<br\/><br\/><br\/>\n\n<b>Contr\u00f4le technique obligatoire<\/b><br>\nConform\u00e9ment \u00e0 la r\u00e9glementation en vigueur pour les pulv\u00e9risateurs, votre appareil Electrofog doit faire l\u2019objet d\u2019un contr\u00f4le technique obligatoire tous les 3 ans. Un organisme agr\u00e9\u00e9 peut r\u00e9aliser cette op\u00e9ration.\n        <\/p>\n      <\/div>\n\n      <div class=\"vrac-image\">\n        <img decoding=\"async\" src=\"http:\/\/www.comyn-conservation.com\/Images\/Electrofog.jpg\" alt=\"Electrofog\" \/>\n      <\/div>\n    <\/div>\n  <\/div>\n<\/section>\n\n<style>\n.section-vrac {\n  background: #f7f7f7;\n  padding: 60px 20px;\n  font-family: 'Arial', sans-serif;\n  color: #333;\n}\n\n.container {\n  max-width: 1100px;\n  margin: 0 auto;\n}\n\n.section-vrac h1 {\n  text-align: left;\n  font-size: 2.2em;\n  color: #4a7c2e;\n  margin-bottom: 40px;\n}\n\n.vrac-content {\n  display: flex;\n  flex-wrap: wrap;\n  gap: 40px;\n  align-items: flex-start;\n}\n\n.vrac-text {\n  flex: 1 1 55%;\n  font-size: 1.05em;\n  line-height: 1.6;\n}\n\n.vrac-text ul {\n  padding-left: 20px;\n  margin: 15px 0;\n}\n\n.vrac-text li {\n  margin-bottom: 10px;\n}\n\n.vrac-image {\n  flex: 1 1 40%;\n  text-align: center;\n}\n\n.vrac-image img {\n  max-width: 75%;\n  border-radius: 10px;\n  box-shadow: 0 2px 10px rgba(0,0,0,0.1);\n}\n\n<\/style>\t\t\t\t<\/div>\n\t\t\t\t<\/div>\n\t\t\t\t\t<\/div>\n\t\t\t\t<\/div>\n\t\t\t\t<\/div>\n\t\t","protected":false},"excerpt":{"rendered":"<p>Entretien des Electrofog Entretien et d\u00e9pannage des Electrofog : s\u00e9curit\u00e9, rapidit\u00e9 et fiabilit\u00e9 Les appareils Electrofog sont indispensables pour la conservation de vos pommes de terre, mais n\u00e9cessitent une r\u00e9vision au moins une fois par campagne pour garantir leur s\u00e9curit\u00e9 et leur performance. Sans entretien, ils peuvent devenir dangereux (inflammation du canon) ou moins efficaces, ce qui peut nuire \u00e0 la qualit\u00e9 de vos produits. Lors de la maintenance, nous contr\u00f4lons la propret\u00e9 du canon, le bon fonctionnement des capteurs de temp\u00e9rature, les dispositifs de s\u00e9curit\u00e9 d\u2019arr\u00eat automatique, ainsi que la pompe pour optimiser l\u2019utilisation de l\u2019appareil. Nous proposons \u00e9galement des op\u00e9rations de d\u00e9contamination pour assurer un environnement sain et s\u00e9curitaire. Notre service de d\u00e9pannage est rapide et li\u00e9 \u00e0 l\u2019achat de produits antigerminatif, vous assurant un suivi complet et une prise en charge prioritaire. Pendant la dur\u00e9e de l\u2019intervention, nous pouvons mettre \u00e0 votre disposition un appareil de pr\u00eat afin de ne pas interrompre votre activit\u00e9. Contr\u00f4le technique obligatoire Conform\u00e9ment \u00e0 la r\u00e9glementation en vigueur pour les pulv\u00e9risateurs, votre appareil Electrofog doit faire l\u2019objet d\u2019un contr\u00f4le technique obligatoire tous les 3 ans. Un organisme agr\u00e9\u00e9 peut r\u00e9aliser cette op\u00e9ration.<\/p>\n","protected":false},"author":1,"featured_media":0,"parent":0,"menu_order":0,"comment_status":"closed","ping_status":"closed","template":"","meta":{"footnotes":""},"class_list":["post-374","page","type-page","status-publish","hentry"],"_links":{"self":[{"href":"https:\/\/www.comyn-conservation.com\/index.php\/wp-json\/wp\/v2\/pages\/374","targetHints":{"allow":["GET"]}}],"collection":[{"href":"https:\/\/www.comyn-conservation.com\/index.php\/wp-json\/wp\/v2\/pages"}],"about":[{"href":"https:\/\/www.comyn-conservation.com\/index.php\/wp-json\/wp\/v2\/types\/page"}],"author":[{"embeddable":true,"href":"https:\/\/www.comyn-conservation.com\/index.php\/wp-json\/wp\/v2\/users\/1"}],"replies":[{"embeddable":true,"href":"https:\/\/www.comyn-conservation.com\/index.php\/wp-json\/wp\/v2\/comments?post=374"}],"version-history":[{"count":18,"href":"https:\/\/www.comyn-conservation.com\/index.php\/wp-json\/wp\/v2\/pages\/374\/revisions"}],"predecessor-version":[{"id":1302,"href":"https:\/\/www.comyn-conservation.com\/index.php\/wp-json\/wp\/v2\/pages\/374\/revisions\/1302"}],"wp:attachment":[{"href":"https:\/\/www.comyn-conservation.com\/index.php\/wp-json\/wp\/v2\/media?parent=374"}],"curies":[{"name":"wp","href":"https:\/\/api.w.org\/{rel}","templated":true}]}}