{"id":370,"date":"2019-04-29T19:52:44","date_gmt":"2019-04-29T17:52:44","guid":{"rendered":"http:\/\/www.comyn-conservation.com\/Test002\/?page_id=370"},"modified":"2025-09-29T16:24:07","modified_gmt":"2025-09-29T14:24:07","slug":"ventilateurs","status":"publish","type":"page","link":"https:\/\/www.comyn-conservation.com\/index.php\/ventilateurs\/","title":{"rendered":"Ventilation"},"content":{"rendered":"\t\t<div data-elementor-type=\"wp-page\" data-elementor-id=\"370\" class=\"elementor elementor-370\">\n\t\t\t\t<div class=\"elementor-element elementor-element-7e611a28 e-flex e-con-boxed wpr-particle-no wpr-jarallax-no wpr-parallax-no wpr-sticky-section-no e-con e-parent\" data-id=\"7e611a28\" data-element_type=\"container\" data-e-type=\"container\">\n\t\t\t\t\t<div class=\"e-con-inner\">\n\t\t\t\t\t<\/div>\n\t\t\t\t<\/div>\n\t\t<div class=\"elementor-element elementor-element-6ad53ec e-flex e-con-boxed wpr-particle-no wpr-jarallax-no wpr-parallax-no wpr-sticky-section-no e-con e-parent\" data-id=\"6ad53ec\" data-element_type=\"container\" data-e-type=\"container\">\n\t\t\t\t\t<div class=\"e-con-inner\">\n\t\t\t\t<div class=\"elementor-element elementor-element-4bfe1d5 elementor-widget elementor-widget-html\" data-id=\"4bfe1d5\" data-element_type=\"widget\" data-e-type=\"widget\" data-widget_type=\"html.default\">\n\t\t\t\t<div class=\"elementor-widget-container\">\n\t\t\t\t\t<section class=\"section-vrac\">\n  <div class=\"container\">\n    <h1>D\u00e9pannage des installations <br\/>de ventilation<\/h1>\n\n    <div class=\"vrac-content\">\n      <div class=\"vrac-text\">\n        <p>\n          <b>Entretien de votre installation de ventilation : simple mais indispensable.<\/b><br\/><br\/>\nUne installation de ventilation n\u00e9cessite peu d\u2019entretien, mais il est important de v\u00e9rifier r\u00e9guli\u00e8rement le fonctionnement et la programmation des syst\u00e8mes de contr\u00f4le afin d\u2019optimiser la ventilation, qui doit \u00eatre activ\u00e9e uniquement lorsque c\u2019est n\u00e9cessaire.\n<br\/><br\/>\nUn entretien pr\u00e9ventif portant sur le bon fonctionnement des ventilateurs, le serrage des connexions \u00e9lectriques, les ouvertures automatiques, ainsi que du dispositif de brumisation, contribue \u00e0 \u00e9viter les pannes et interventions pendant la p\u00e9riode de stockage.\n        <\/p>\n      <\/div>\n\n      <div class=\"vrac-image\">\n        <img decoding=\"async\" src=\"http:\/\/www.comyn-conservation.com\/Images\/Ventilateur-.jpg \" alt=\"D\u00e9pannage installations de ventilation\" \/>\n      <\/div>\n    <\/div>\n  <\/div>\n<\/section>\n\n<style>\n.section-vrac {\n  background: #f7f7f7;\n  padding: 60px 20px;\n  font-family: 'Arial', sans-serif;\n  color: #333;\n}\n\n.container {\n  max-width: 1100px;\n  margin: 0 auto;\n}\n\n.section-vrac h1 {\n  text-align: left;\n  font-size: 2.2em;\n  color: #4a7c2e;\n  margin-bottom: 40px;\n}\n\n.vrac-content {\n  display: flex;\n  flex-wrap: wrap;\n  gap: 40px;\n  align-items: flex-start;\n}\n\n.vrac-text {\n  flex: 1 1 55%;\n  font-size: 1.05em;\n  line-height: 1.6;\n}\n\n.vrac-text ul {\n  padding-left: 20px;\n  margin: 15px 0;\n}\n\n.vrac-text li {\n  margin-bottom: 10px;\n}\n\n.vrac-image {\n  flex: 1 1 40%;\n  text-align: center;\n}\n\n.vrac-image img {\n  max-width: 75%;\n  border-radius: 10px;\n  box-shadow: 0 2px 10px rgba(0,0,0,0.1);\n}\n\n<\/style>\t\t\t\t<\/div>\n\t\t\t\t<\/div>\n\t\t\t\t\t<\/div>\n\t\t\t\t<\/div>\n\t\t\t\t<\/div>\n\t\t","protected":false},"excerpt":{"rendered":"<p>D\u00e9pannage des installations de ventilation Entretien de votre installation de ventilation : simple mais indispensable. Une installation de ventilation n\u00e9cessite peu d\u2019entretien, mais il est important de v\u00e9rifier r\u00e9guli\u00e8rement le fonctionnement et la programmation des syst\u00e8mes de contr\u00f4le afin d\u2019optimiser la ventilation, qui doit \u00eatre activ\u00e9e uniquement lorsque c\u2019est n\u00e9cessaire. Un entretien pr\u00e9ventif portant sur le bon fonctionnement des ventilateurs, le serrage des connexions \u00e9lectriques, les ouvertures automatiques, ainsi que du dispositif de brumisation, contribue \u00e0 \u00e9viter les pannes et interventions pendant la p\u00e9riode de stockage.<\/p>\n","protected":false},"author":1,"featured_media":0,"parent":0,"menu_order":0,"comment_status":"closed","ping_status":"closed","template":"","meta":{"footnotes":""},"class_list":["post-370","page","type-page","status-publish","hentry"],"_links":{"self":[{"href":"https:\/\/www.comyn-conservation.com\/index.php\/wp-json\/wp\/v2\/pages\/370","targetHints":{"allow":["GET"]}}],"collection":[{"href":"https:\/\/www.comyn-conservation.com\/index.php\/wp-json\/wp\/v2\/pages"}],"about":[{"href":"https:\/\/www.comyn-conservation.com\/index.php\/wp-json\/wp\/v2\/types\/page"}],"author":[{"embeddable":true,"href":"https:\/\/www.comyn-conservation.com\/index.php\/wp-json\/wp\/v2\/users\/1"}],"replies":[{"embeddable":true,"href":"https:\/\/www.comyn-conservation.com\/index.php\/wp-json\/wp\/v2\/comments?post=370"}],"version-history":[{"count":24,"href":"https:\/\/www.comyn-conservation.com\/index.php\/wp-json\/wp\/v2\/pages\/370\/revisions"}],"predecessor-version":[{"id":1299,"href":"https:\/\/www.comyn-conservation.com\/index.php\/wp-json\/wp\/v2\/pages\/370\/revisions\/1299"}],"wp:attachment":[{"href":"https:\/\/www.comyn-conservation.com\/index.php\/wp-json\/wp\/v2\/media?parent=370"}],"curies":[{"name":"wp","href":"https:\/\/api.w.org\/{rel}","templated":true}]}}