{"id":364,"date":"2019-04-29T19:49:55","date_gmt":"2019-04-29T17:49:55","guid":{"rendered":"http:\/\/www.comyn-conservation.com\/Test002\/?page_id=364"},"modified":"2025-09-29T16:22:19","modified_gmt":"2025-09-29T14:22:19","slug":"sechage","status":"publish","type":"page","link":"https:\/\/www.comyn-conservation.com\/index.php\/sechage\/","title":{"rendered":"S\u00e9chage"},"content":{"rendered":"\t\t<div data-elementor-type=\"wp-page\" data-elementor-id=\"364\" class=\"elementor elementor-364\">\n\t\t\t\t<div class=\"elementor-element elementor-element-7149f9df e-flex e-con-boxed wpr-particle-no wpr-jarallax-no wpr-parallax-no wpr-sticky-section-no e-con e-parent\" data-id=\"7149f9df\" data-element_type=\"container\" data-e-type=\"container\">\n\t\t\t\t\t<div class=\"e-con-inner\">\n\t\t\t\t<div class=\"elementor-element elementor-element-16757e9 elementor-widget elementor-widget-html\" data-id=\"16757e9\" data-element_type=\"widget\" data-e-type=\"widget\" data-widget_type=\"html.default\">\n\t\t\t\t<div class=\"elementor-widget-container\">\n\t\t\t\t\t<section class=\"section-vrac\">\n  <div class=\"container\">\n    <h1>S\u00e9chage<\/h1>\n\n    <div class=\"vrac-content\">\n      <div class=\"vrac-text\">\n        <p>\n\n          \n<b>Assurez un s\u00e9chage optimal d\u00e8s la mise en stockage pour pr\u00e9server la qualit\u00e9 de vos produits.<\/b><br\/><br\/>\nD\u00e8s l\u2019entr\u00e9e en stockage, il est essentiel de garantir un s\u00e9chage efficace afin de limiter la prolif\u00e9ration d\u2019agents pathog\u00e8nes et de maintenir la qualit\u00e9 marchande de vos produits, notamment pour des cultures comme les oignons. <br\/>Pour les stockages en caisses, notre solution innovante de ventilation par aspiration permet une circulation d\u2019air forc\u00e9e directement \u00e0 travers les caisses, au-del\u00e0 des simples espaces entre les rang\u00e9es ou sous les caisses, assurant ainsi une meilleure conservation et une protection optimale de vos r\u00e9coltes.\n        <\/p>\n      <\/div>\n\n      <div class=\"vrac-image\">\n        <img decoding=\"async\" src=\"http:\/\/www.comyn-conservation.com\/Images\/sechage.jpg \" alt=\"Technique de s\u00e9chage\" \/>\n      <\/div>\n    <\/div>\n  <\/div>\n<\/section>\n\n<style>\n.section-vrac {\n  background: #f7f7f7;\n  padding: 60px 20px;\n  font-family: 'Arial', sans-serif;\n  color: #333;\n}\n\n.container {\n  max-width: 1100px;\n  margin: 0 auto;\n}\n\n.section-vrac h1 {\n  text-align: left;\n  font-size: 2.2em;\n  color: #4a7c2e;\n  margin-bottom: 40px;\n}\n\n.vrac-content {\n  display: flex;\n  flex-wrap: wrap;\n  gap: 40px;\n  align-items: flex-start;\n}\n\n.vrac-text {\n  flex: 1 1 55%;\n  font-size: 1.05em;\n  line-height: 1.6;\n}\n\n.vrac-text ul {\n  padding-left: 20px;\n  margin: 15px 0;\n}\n\n.vrac-text li {\n  margin-bottom: 10px;\n}\n\n.vrac-image {\n  flex: 1 1 40%;\n  text-align: center;\n}\n\n.vrac-image img {\n  max-width: 75%;\n  border-radius: 10px;\n  box-shadow: 0 2px 10px rgba(0,0,0,0.1);\n}\n\n<\/style>\t\t\t\t<\/div>\n\t\t\t\t<\/div>\n\t\t\t\t\t<\/div>\n\t\t\t\t<\/div>\n\t\t\t\t<\/div>\n\t\t","protected":false},"excerpt":{"rendered":"<p>S\u00e9chage Assurez un s\u00e9chage optimal d\u00e8s la mise en stockage pour pr\u00e9server la qualit\u00e9 de vos produits. D\u00e8s l\u2019entr\u00e9e en stockage, il est essentiel de garantir un s\u00e9chage efficace afin de limiter la prolif\u00e9ration d\u2019agents pathog\u00e8nes et de maintenir la qualit\u00e9 marchande de vos produits, notamment pour des cultures comme les oignons. Pour les stockages en caisses, notre solution innovante de ventilation par aspiration permet une circulation d\u2019air forc\u00e9e directement \u00e0 travers les caisses, au-del\u00e0 des simples espaces entre les rang\u00e9es ou sous les caisses, assurant ainsi une meilleure conservation et une protection optimale de vos r\u00e9coltes.<\/p>\n","protected":false},"author":1,"featured_media":0,"parent":0,"menu_order":0,"comment_status":"closed","ping_status":"closed","template":"","meta":{"footnotes":""},"class_list":["post-364","page","type-page","status-publish","hentry"],"_links":{"self":[{"href":"https:\/\/www.comyn-conservation.com\/index.php\/wp-json\/wp\/v2\/pages\/364","targetHints":{"allow":["GET"]}}],"collection":[{"href":"https:\/\/www.comyn-conservation.com\/index.php\/wp-json\/wp\/v2\/pages"}],"about":[{"href":"https:\/\/www.comyn-conservation.com\/index.php\/wp-json\/wp\/v2\/types\/page"}],"author":[{"embeddable":true,"href":"https:\/\/www.comyn-conservation.com\/index.php\/wp-json\/wp\/v2\/users\/1"}],"replies":[{"embeddable":true,"href":"https:\/\/www.comyn-conservation.com\/index.php\/wp-json\/wp\/v2\/comments?post=364"}],"version-history":[{"count":28,"href":"https:\/\/www.comyn-conservation.com\/index.php\/wp-json\/wp\/v2\/pages\/364\/revisions"}],"predecessor-version":[{"id":1284,"href":"https:\/\/www.comyn-conservation.com\/index.php\/wp-json\/wp\/v2\/pages\/364\/revisions\/1284"}],"wp:attachment":[{"href":"https:\/\/www.comyn-conservation.com\/index.php\/wp-json\/wp\/v2\/media?parent=364"}],"curies":[{"name":"wp","href":"https:\/\/api.w.org\/{rel}","templated":true}]}}