{"id":357,"date":"2019-04-29T19:46:13","date_gmt":"2019-04-29T17:46:13","guid":{"rendered":"http:\/\/www.comyn-conservation.com\/Test002\/?page_id=357"},"modified":"2025-09-29T16:24:57","modified_gmt":"2025-09-29T14:24:57","slug":"groupe-froid","status":"publish","type":"page","link":"https:\/\/www.comyn-conservation.com\/index.php\/groupe-froid\/","title":{"rendered":"Groupe froid"},"content":{"rendered":"\t\t<div data-elementor-type=\"wp-page\" data-elementor-id=\"357\" class=\"elementor elementor-357\">\n\t\t\t\t<div class=\"elementor-element elementor-element-51b2ee50 e-flex e-con-boxed wpr-particle-no wpr-jarallax-no wpr-parallax-no wpr-sticky-section-no e-con e-parent\" data-id=\"51b2ee50\" data-element_type=\"container\" data-e-type=\"container\">\n\t\t\t\t\t<div class=\"e-con-inner\">\n\t\t\t\t<div class=\"elementor-element elementor-element-a5c7d6c elementor-widget elementor-widget-html\" data-id=\"a5c7d6c\" data-element_type=\"widget\" data-e-type=\"widget\" data-widget_type=\"html.default\">\n\t\t\t\t<div class=\"elementor-widget-container\">\n\t\t\t\t\t<section class=\"section-vrac\">\n  <div class=\"container\">\n    <h1>Entretien en r\u00e9paration <br\/>de <u>Groupes Froid<\/u><\/h1>\n\n    <div class=\"vrac-content\">\n      <div class=\"vrac-text\">\n        <p>\n         <b>Contr\u00f4le et entretien de votre installation frigorifique : une obligation r\u00e9glementaire et un gage de performance.<\/b><br\/><br\/>\nLa r\u00e9glementation impose \u00e0 tout d\u00e9tenteur d\u2019une installation frigorifique, quelle que soit sa taille, de faire v\u00e9rifier son \u00e9quipement par des professionnels agr\u00e9\u00e9s. La fr\u00e9quence de ces contr\u00f4les varie selon la quantit\u00e9 et le type de fluide frigorifique utilis\u00e9. Ces v\u00e9rifications, notamment les recherches de fuites, sont obligatoires et doivent pouvoir \u00eatre justifi\u00e9es aupr\u00e8s de la DRIRE (Direction R\u00e9gionale de l\u2019Industrie, de la Recherche et de l\u2019Environnement).<br\/><br\/>\n\nUn suivi technique r\u00e9gulier permet non seulement de d\u00e9tecter et r\u00e9parer rapidement les fuites, m\u00eame minimes, mais aussi d\u2019optimiser les r\u00e9glages de votre installation pour r\u00e9duire la consommation \u00e9lectrique. Ce suivi inclut \u00e9galement l\u2019analyse de la qualit\u00e9 de l\u2019huile des compresseurs et du liquide caloporteur (eau glycol\u00e9e), contribuant \u00e0 prolonger la dur\u00e9e de vie de votre mat\u00e9riel et \u00e0 limiter les interventions de maintenance.\n<br\/><br\/>\nNous pouvons aussi \u00e9tudier avec vous les possibilit\u00e9s de modification ou de remplacement d\u2019installations vieillissantes. Par exemple, la plupart des \u00e9changeurs et \u00e9vaporateurs existants peuvent \u00eatre adapt\u00e9s \u00e0 un fonctionnement en eau glycol\u00e9e, r\u00e9duisant ainsi les co\u00fbts li\u00e9s au remplacement des groupes frigorifiques.\n<br\/><br\/>\n<B>Nous intervenons sur tous types et marques d\u2019installations frigorifiques et proposons des \u00e9tudes personnalis\u00e9es pour vos contrats d\u2019entretien.<\/B>\n        <\/p>\n      <\/div>\n\n      <div class=\"vrac-image\">\n        <img decoding=\"async\" src=\"http:\/\/www.comyn-conservation.com\/Images\/SAV-GroupeFroid.jpg \" alt=\"Entretien en r\u00e9paration de Groupes Froid\" \/>\n      <\/div>\n    <\/div>\n  <\/div>\n<\/section>\n\n<style>\n.section-vrac {\n  background: #f7f7f7;\n  padding: 60px 20px;\n  font-family: 'Arial', sans-serif;\n  color: #333;\n}\n\n.container {\n  max-width: 1100px;\n  margin: 0 auto;\n}\n\n.section-vrac h1 {\n  text-align: left;\n  font-size: 2.2em;\n  color: #4a7c2e;\n  margin-bottom: 40px;\n}\n\n.vrac-content {\n  display: flex;\n  flex-wrap: wrap;\n  gap: 40px;\n  align-items: flex-start;\n}\n\n.vrac-text {\n  flex: 1 1 55%;\n  font-size: 1.05em;\n  line-height: 1.6;\n}\n\n.vrac-text ul {\n  padding-left: 20px;\n  margin: 15px 0;\n}\n\n.vrac-text li {\n  margin-bottom: 10px;\n}\n\n.vrac-image {\n  flex: 1 1 40%;\n  text-align: center;\n}\n\n.vrac-image img {\n  max-width: 75%;\n  border-radius: 10px;\n  box-shadow: 0 2px 10px rgba(0,0,0,0.1);\n}\n\n<\/style>\t\t\t\t<\/div>\n\t\t\t\t<\/div>\n\t\t\t\t\t<\/div>\n\t\t\t\t<\/div>\n\t\t\t\t<\/div>\n\t\t","protected":false},"excerpt":{"rendered":"<p>Entretien en r\u00e9paration de Groupes Froid Contr\u00f4le et entretien de votre installation frigorifique : une obligation r\u00e9glementaire et un gage de performance. La r\u00e9glementation impose \u00e0 tout d\u00e9tenteur d\u2019une installation frigorifique, quelle que soit sa taille, de faire v\u00e9rifier son \u00e9quipement par des professionnels agr\u00e9\u00e9s. La fr\u00e9quence de ces contr\u00f4les varie selon la quantit\u00e9 et le type de fluide frigorifique utilis\u00e9. Ces v\u00e9rifications, notamment les recherches de fuites, sont obligatoires et doivent pouvoir \u00eatre justifi\u00e9es aupr\u00e8s de la DRIRE (Direction R\u00e9gionale de l\u2019Industrie, de la Recherche et de l\u2019Environnement). Un suivi technique r\u00e9gulier permet non seulement de d\u00e9tecter et r\u00e9parer rapidement les fuites, m\u00eame minimes, mais aussi d\u2019optimiser les r\u00e9glages de votre installation pour r\u00e9duire la consommation \u00e9lectrique. Ce suivi inclut \u00e9galement l\u2019analyse de la qualit\u00e9 de l\u2019huile des compresseurs et du liquide caloporteur (eau glycol\u00e9e), contribuant \u00e0 prolonger la dur\u00e9e de vie de votre mat\u00e9riel et \u00e0 limiter les interventions de maintenance. Nous pouvons aussi \u00e9tudier avec vous les possibilit\u00e9s de modification ou de remplacement d\u2019installations vieillissantes. Par exemple, la plupart des \u00e9changeurs et \u00e9vaporateurs existants peuvent \u00eatre adapt\u00e9s \u00e0 un fonctionnement en eau glycol\u00e9e, r\u00e9duisant ainsi les co\u00fbts li\u00e9s au remplacement des groupes frigorifiques. Nous intervenons sur tous types et marques d\u2019installations frigorifiques et proposons des \u00e9tudes personnalis\u00e9es pour vos contrats d\u2019entretien.<\/p>\n","protected":false},"author":1,"featured_media":0,"parent":0,"menu_order":0,"comment_status":"closed","ping_status":"closed","template":"","meta":{"footnotes":""},"class_list":["post-357","page","type-page","status-publish","hentry"],"_links":{"self":[{"href":"https:\/\/www.comyn-conservation.com\/index.php\/wp-json\/wp\/v2\/pages\/357","targetHints":{"allow":["GET"]}}],"collection":[{"href":"https:\/\/www.comyn-conservation.com\/index.php\/wp-json\/wp\/v2\/pages"}],"about":[{"href":"https:\/\/www.comyn-conservation.com\/index.php\/wp-json\/wp\/v2\/types\/page"}],"author":[{"embeddable":true,"href":"https:\/\/www.comyn-conservation.com\/index.php\/wp-json\/wp\/v2\/users\/1"}],"replies":[{"embeddable":true,"href":"https:\/\/www.comyn-conservation.com\/index.php\/wp-json\/wp\/v2\/comments?post=357"}],"version-history":[{"count":20,"href":"https:\/\/www.comyn-conservation.com\/index.php\/wp-json\/wp\/v2\/pages\/357\/revisions"}],"predecessor-version":[{"id":1305,"href":"https:\/\/www.comyn-conservation.com\/index.php\/wp-json\/wp\/v2\/pages\/357\/revisions\/1305"}],"wp:attachment":[{"href":"https:\/\/www.comyn-conservation.com\/index.php\/wp-json\/wp\/v2\/media?parent=357"}],"curies":[{"name":"wp","href":"https:\/\/api.w.org\/{rel}","templated":true}]}}