{"id":351,"date":"2019-04-29T19:37:54","date_gmt":"2019-04-29T17:37:54","guid":{"rendered":"http:\/\/www.comyn-conservation.com\/Test002\/?page_id=351"},"modified":"2025-09-29T16:22:30","modified_gmt":"2025-09-29T14:22:30","slug":"electricite","status":"publish","type":"page","link":"https:\/\/www.comyn-conservation.com\/index.php\/electricite\/","title":{"rendered":"\u00c9lectricit\u00e9"},"content":{"rendered":"\t\t<div data-elementor-type=\"wp-page\" data-elementor-id=\"351\" class=\"elementor elementor-351\">\n\t\t\t\t<div class=\"elementor-element elementor-element-47361ad e-flex e-con-boxed wpr-particle-no wpr-jarallax-no wpr-parallax-no wpr-sticky-section-no e-con e-parent\" data-id=\"47361ad\" data-element_type=\"container\" data-e-type=\"container\">\n\t\t\t\t\t<div class=\"e-con-inner\">\n\t\t\t\t<div class=\"elementor-element elementor-element-2e7b4ca elementor-widget elementor-widget-html\" data-id=\"2e7b4ca\" data-element_type=\"widget\" data-e-type=\"widget\" data-widget_type=\"html.default\">\n\t\t\t\t<div class=\"elementor-widget-container\">\n\t\t\t\t\t<section class=\"section-vrac\">\n  <div class=\"container\">\n    <h1>Installation Electrique<\/h1>\n\n    <div class=\"vrac-content\">\n      <div class=\"vrac-text\">\n        <p>\n         <b>Installation \u00e9lectrique adapt\u00e9e \u00e0 votre solution de stockage agricole<\/b><br\/><br\/> \n\nNous vous proposons une installation \u00e9lectrique compl\u00e8te, sp\u00e9cialement con\u00e7ue pour accompagner votre solution de stockage.<br\/><br\/>\n\nNous assurons la fourniture et la pose de tous les \u00e9quipements essentiels : \u00e9clairages, prises, ainsi que les protections n\u00e9cessaires pour garantir la s\u00e9curit\u00e9 de vos appareils et de vos \u00e9quipes.<br\/><br\/>\n\nNous r\u00e9alisons \u00e9galement, dans notre atelier, le c\u00e2blage sur mesure des armoires de commande (automates) et des armoires de puissance, afin d\u2019optimiser le fonctionnement de votre stockage en fonction de vos besoins sp\u00e9cifiques.<br\/>\n\n\n        <\/p>\n      <\/div>\n\n      <div class=\"vrac-image\">\n        <img decoding=\"async\" src=\"http:\/\/www.comyn-conservation.com\/Images\/electricite.jpg \" alt=\"Installation \u00e9lectrique\" \/>\n      <\/div>\n    <\/div>\n  <\/div>\n<\/section>\n\n<style>\n.section-vrac {\n  background: #f7f7f7;\n  padding: 60px 20px;\n  font-family: 'Arial', sans-serif;\n  color: #333;\n}\n\n.container {\n  max-width: 1100px;\n  margin: 0 auto;\n}\n\n.section-vrac h1 {\n  text-align: left;\n  font-size: 2.2em;\n  color: #4a7c2e;\n  margin-bottom: 40px;\n}\n\n.vrac-content {\n  display: flex;\n  flex-wrap: wrap;\n  gap: 40px;\n  align-items: flex-start;\n}\n\n.vrac-text {\n  flex: 1 1 55%;\n  font-size: 1.05em;\n  line-height: 1.6;\n}\n\n.vrac-text ul {\n  padding-left: 20px;\n  margin: 15px 0;\n}\n\n.vrac-text li {\n  margin-bottom: 10px;\n}\n\n.vrac-image {\n  flex: 1 1 40%;\n  text-align: center;\n}\n\n.vrac-image img {\n  max-width: 75%;\n  border-radius: 10px;\n  box-shadow: 0 2px 10px rgba(0,0,0,0.1);\n}\n\n<\/style>\t\t\t\t<\/div>\n\t\t\t\t<\/div>\n\t\t\t\t\t<\/div>\n\t\t\t\t<\/div>\n\t\t\t\t<\/div>\n\t\t","protected":false},"excerpt":{"rendered":"<p>Installation Electrique Installation \u00e9lectrique adapt\u00e9e \u00e0 votre solution de stockage agricole Nous vous proposons une installation \u00e9lectrique compl\u00e8te, sp\u00e9cialement con\u00e7ue pour accompagner votre solution de stockage. Nous assurons la fourniture et la pose de tous les \u00e9quipements essentiels : \u00e9clairages, prises, ainsi que les protections n\u00e9cessaires pour garantir la s\u00e9curit\u00e9 de vos appareils et de vos \u00e9quipes. Nous r\u00e9alisons \u00e9galement, dans notre atelier, le c\u00e2blage sur mesure des armoires de commande (automates) et des armoires de puissance, afin d\u2019optimiser le fonctionnement de votre stockage en fonction de vos besoins sp\u00e9cifiques.<\/p>\n","protected":false},"author":1,"featured_media":0,"parent":0,"menu_order":0,"comment_status":"closed","ping_status":"closed","template":"","meta":{"footnotes":""},"class_list":["post-351","page","type-page","status-publish","hentry"],"_links":{"self":[{"href":"https:\/\/www.comyn-conservation.com\/index.php\/wp-json\/wp\/v2\/pages\/351","targetHints":{"allow":["GET"]}}],"collection":[{"href":"https:\/\/www.comyn-conservation.com\/index.php\/wp-json\/wp\/v2\/pages"}],"about":[{"href":"https:\/\/www.comyn-conservation.com\/index.php\/wp-json\/wp\/v2\/types\/page"}],"author":[{"embeddable":true,"href":"https:\/\/www.comyn-conservation.com\/index.php\/wp-json\/wp\/v2\/users\/1"}],"replies":[{"embeddable":true,"href":"https:\/\/www.comyn-conservation.com\/index.php\/wp-json\/wp\/v2\/comments?post=351"}],"version-history":[{"count":18,"href":"https:\/\/www.comyn-conservation.com\/index.php\/wp-json\/wp\/v2\/pages\/351\/revisions"}],"predecessor-version":[{"id":1287,"href":"https:\/\/www.comyn-conservation.com\/index.php\/wp-json\/wp\/v2\/pages\/351\/revisions\/1287"}],"wp:attachment":[{"href":"https:\/\/www.comyn-conservation.com\/index.php\/wp-json\/wp\/v2\/media?parent=351"}],"curies":[{"name":"wp","href":"https:\/\/api.w.org\/{rel}","templated":true}]}}