{"id":347,"date":"2019-04-29T19:36:32","date_gmt":"2019-04-29T17:36:32","guid":{"rendered":"http:\/\/www.comyn-conservation.com\/Test002\/?page_id=347"},"modified":"2025-09-29T16:21:41","modified_gmt":"2025-09-29T14:21:41","slug":"refrigeration","status":"publish","type":"page","link":"https:\/\/www.comyn-conservation.com\/index.php\/refrigeration\/","title":{"rendered":"R\u00e9frig\u00e9ration"},"content":{"rendered":"\t\t<div data-elementor-type=\"wp-page\" data-elementor-id=\"347\" class=\"elementor elementor-347\">\n\t\t\t\t<div class=\"elementor-element elementor-element-33443100 e-flex e-con-boxed wpr-particle-no wpr-jarallax-no wpr-parallax-no wpr-sticky-section-no e-con e-parent\" data-id=\"33443100\" data-element_type=\"container\" data-e-type=\"container\">\n\t\t\t\t\t<div class=\"e-con-inner\">\n\t\t\t\t<div class=\"elementor-element elementor-element-72dba72 elementor-widget elementor-widget-html\" data-id=\"72dba72\" data-element_type=\"widget\" data-e-type=\"widget\" data-widget_type=\"html.default\">\n\t\t\t\t<div class=\"elementor-widget-container\">\n\t\t\t\t\t<section class=\"section-vrac\">\n  <div class=\"container\">\n    <h1>Stockage par R\u00e9frig\u00e9ration<\/h1>\n\n    <div class=\"vrac-content\">\n      <div class=\"vrac-text\">\n        <p>\n          <b>R\u00e9frig\u00e9ration : la solution fiable pour un stockage optimal :<\/b>\n<br\/><br\/>\nLa r\u00e9frig\u00e9ration compl\u00e8te efficacement la ventilation en assurant un refroidissement s\u00fbr et un maintien pr\u00e9cis des produits \u00e0 la temp\u00e9rature id\u00e9ale, quelles que soient les conditions climatiques. Ce syst\u00e8me est indispensable pour le stockage, que ce soit en vrac ou en caisses.\n<br\/><br\/>\n\nNos installations de refroidissement par eau glycol\u00e9e offrent un contr\u00f4le pr\u00e9cis des temp\u00e9ratures au niveau des \u00e9changeurs, ce qui permet de minimiser la diff\u00e9rence de temp\u00e9rature entre la zone de stockage et la batterie froide. R\u00e9sultat : un dess\u00e8chement r\u00e9duit des produits et une meilleure conservation de leur qualit\u00e9.\n<br\/><br\/>\nCette technologie se distingue par sa haute efficacit\u00e9 \u00e9nerg\u00e9tique, sa faible consommation de fluides frigorig\u00e8nes, ainsi que par la r\u00e9duction significative des interventions techniques et des co\u00fbts d\u2019entretien. Gr\u00e2ce \u00e0 une gestion centralis\u00e9e, un seul groupe frigorifique peut alimenter plusieurs unit\u00e9s de stockage sur un m\u00eame site. De plus, elle ouvre la voie \u00e0 la r\u00e9cup\u00e9ration de la chaleur de condensation, optimisant encore davantage les performances \u00e9nerg\u00e9tiques.\n\n\n        <\/p>\n      <\/div>\n\n      <div class=\"vrac-image\">\n        <img decoding=\"async\" src=\"http:\/\/www.comyn-conservation.com\/Images\/Refrigeration.jpg \" alt=\"Stockage par R\u00e9frig\u00e9ration\" \/>\n      <\/div>\n    <\/div>\n  <\/div>\n<\/section>\n\n<style>\n.section-vrac {\n  background: #f7f7f7;\n  padding: 60px 20px;\n  font-family: 'Arial', sans-serif;\n  color: #333;\n}\n\n.container {\n  max-width: 1100px;\n  margin: 0 auto;\n}\n\n.section-vrac h1 {\n  text-align: left;\n  font-size: 2.2em;\n  color: #4a7c2e;\n  margin-bottom: 40px;\n}\n\n.vrac-content {\n  display: flex;\n  flex-wrap: wrap;\n  gap: 40px;\n  align-items: flex-start;\n}\n\n.vrac-text {\n  flex: 1 1 55%;\n  font-size: 1.05em;\n  line-height: 1.6;\n}\n\n.vrac-text ul {\n  padding-left: 20px;\n  margin: 15px 0;\n}\n\n.vrac-text li {\n  margin-bottom: 10px;\n}\n\n.vrac-image {\n  flex: 1 1 40%;\n  text-align: center;\n}\n\n.vrac-image img {\n  max-width: 75%;\n  border-radius: 10px;\n  box-shadow: 0 2px 10px rgba(0,0,0,0.1);\n}\n\n<\/style>\t\t\t\t<\/div>\n\t\t\t\t<\/div>\n\t\t\t\t\t<\/div>\n\t\t\t\t<\/div>\n\t\t\t\t<\/div>\n\t\t","protected":false},"excerpt":{"rendered":"<p>Stockage par R\u00e9frig\u00e9ration R\u00e9frig\u00e9ration : la solution fiable pour un stockage optimal : La r\u00e9frig\u00e9ration compl\u00e8te efficacement la ventilation en assurant un refroidissement s\u00fbr et un maintien pr\u00e9cis des produits \u00e0 la temp\u00e9rature id\u00e9ale, quelles que soient les conditions climatiques. Ce syst\u00e8me est indispensable pour le stockage, que ce soit en vrac ou en caisses. Nos installations de refroidissement par eau glycol\u00e9e offrent un contr\u00f4le pr\u00e9cis des temp\u00e9ratures au niveau des \u00e9changeurs, ce qui permet de minimiser la diff\u00e9rence de temp\u00e9rature entre la zone de stockage et la batterie froide. R\u00e9sultat : un dess\u00e8chement r\u00e9duit des produits et une meilleure conservation de leur qualit\u00e9. Cette technologie se distingue par sa haute efficacit\u00e9 \u00e9nerg\u00e9tique, sa faible consommation de fluides frigorig\u00e8nes, ainsi que par la r\u00e9duction significative des interventions techniques et des co\u00fbts d\u2019entretien. Gr\u00e2ce \u00e0 une gestion centralis\u00e9e, un seul groupe frigorifique peut alimenter plusieurs unit\u00e9s de stockage sur un m\u00eame site. De plus, elle ouvre la voie \u00e0 la r\u00e9cup\u00e9ration de la chaleur de condensation, optimisant encore davantage les performances \u00e9nerg\u00e9tiques.<\/p>\n","protected":false},"author":1,"featured_media":0,"parent":0,"menu_order":0,"comment_status":"closed","ping_status":"closed","template":"","meta":{"footnotes":""},"class_list":["post-347","page","type-page","status-publish","hentry"],"_links":{"self":[{"href":"https:\/\/www.comyn-conservation.com\/index.php\/wp-json\/wp\/v2\/pages\/347","targetHints":{"allow":["GET"]}}],"collection":[{"href":"https:\/\/www.comyn-conservation.com\/index.php\/wp-json\/wp\/v2\/pages"}],"about":[{"href":"https:\/\/www.comyn-conservation.com\/index.php\/wp-json\/wp\/v2\/types\/page"}],"author":[{"embeddable":true,"href":"https:\/\/www.comyn-conservation.com\/index.php\/wp-json\/wp\/v2\/users\/1"}],"replies":[{"embeddable":true,"href":"https:\/\/www.comyn-conservation.com\/index.php\/wp-json\/wp\/v2\/comments?post=347"}],"version-history":[{"count":29,"href":"https:\/\/www.comyn-conservation.com\/index.php\/wp-json\/wp\/v2\/pages\/347\/revisions"}],"predecessor-version":[{"id":1281,"href":"https:\/\/www.comyn-conservation.com\/index.php\/wp-json\/wp\/v2\/pages\/347\/revisions\/1281"}],"wp:attachment":[{"href":"https:\/\/www.comyn-conservation.com\/index.php\/wp-json\/wp\/v2\/media?parent=347"}],"curies":[{"name":"wp","href":"https:\/\/api.w.org\/{rel}","templated":true}]}}