{"id":344,"date":"2019-04-29T19:34:59","date_gmt":"2019-04-29T17:34:59","guid":{"rendered":"http:\/\/www.comyn-conservation.com\/Test002\/?page_id=344"},"modified":"2025-09-29T16:21:29","modified_gmt":"2025-09-29T14:21:29","slug":"ventilation","status":"publish","type":"page","link":"https:\/\/www.comyn-conservation.com\/index.php\/ventilation\/","title":{"rendered":"Ventilation"},"content":{"rendered":"\t\t<div data-elementor-type=\"wp-page\" data-elementor-id=\"344\" class=\"elementor elementor-344\">\n\t\t\t\t<div class=\"elementor-element elementor-element-d5b6ec e-flex e-con-boxed wpr-particle-no wpr-jarallax-no wpr-parallax-no wpr-sticky-section-no e-con e-parent\" data-id=\"d5b6ec\" data-element_type=\"container\" data-e-type=\"container\">\n\t\t\t\t\t<div class=\"e-con-inner\">\n\t\t\t\t<div class=\"elementor-element elementor-element-5d89111 elementor-widget elementor-widget-html\" data-id=\"5d89111\" data-element_type=\"widget\" data-e-type=\"widget\" data-widget_type=\"html.default\">\n\t\t\t\t<div class=\"elementor-widget-container\">\n\t\t\t\t\t<section class=\"section-vrac\">\n  <div class=\"container\">\n    <h1>Ventilation<\/h1>\n\n    <div class=\"vrac-content\">\n      <div class=\"vrac-text\">\n        <p>\n          La ventilation a pour objectif d\u2019amener et de maintenir les produits dans des conditions de conservation optimales, qui varient selon la nature des produits et leur destination commerciale. Elle permet ainsi de contr\u00f4ler la temp\u00e9rature, l\u2019hygrom\u00e9trie et le taux de dioxyde de carbone, gr\u00e2ce \u00e0 un syst\u00e8me informatique de gestion qui pilote :\n        <\/p>\n\n        <ul>\n          <li>la mise en fonctionnement des ventilateurs,<\/li>\n          <li>l\u2019ouverture des volets d\u2019entr\u00e9e d\u2019air neuf,<\/li>\n          <li>l\u2019ouverture des volets d\u2019extraction d\u2019air vici\u00e9,<\/li>\n          <li>les dispositifs de contr\u00f4le de l\u2019humidit\u00e9 (brumisation pour l\u2019apport d\u2019eau, syst\u00e8me de brasseurs avec r\u00e9sistance pour lutter contre la condensation),<\/li>\n          <li>l\u2019extraction du CO2 et le renouvellement de l\u2019air int\u00e9rieur.<\/li>\n        <\/ul>\n\n        <p>\n          Fort de notre exp\u00e9rience, nous avons s\u00e9lectionn\u00e9 des \u00e9quipements robustes, fiables et \u00e9nerg\u00e9tiquement performants, garantissant un fonctionnement serein et durable en toutes circonstances.\n        <\/p>\n      <\/div>\n\n      <div class=\"vrac-image\">\n        <img decoding=\"async\" src=\"http:\/\/www.comyn-conservation.com\/Images\/Ventilation.jpg \" alt=\"Stockage en vrac de pommes de terre\" \/>\n      <\/div>\n    <\/div>\n  <\/div>\n<\/section>\n\n<style>\n.section-vrac {\n  background: #f7f7f7;\n  padding: 60px 20px;\n  font-family: 'Arial', sans-serif;\n  color: #333;\n}\n\n.container {\n  max-width: 1100px;\n  margin: 0 auto;\n}\n\n.section-vrac h1 {\n  text-align: left;\n  font-size: 2.2em;\n  color: #4a7c2e;\n  margin-bottom: 40px;\n}\n\n.vrac-content {\n  display: flex;\n  flex-wrap: wrap;\n  gap: 40px;\n  align-items: flex-start;\n}\n\n.vrac-text {\n  flex: 1 1 55%;\n  font-size: 1.05em;\n  line-height: 1.6;\n}\n\n.vrac-text ul {\n  padding-left: 20px;\n  margin: 15px 0;\n}\n\n.vrac-text li {\n  margin-bottom: 10px;\n}\n\n.vrac-image {\n  flex: 1 1 40%;\n  text-align: center;\n}\n\n.vrac-image img {\n  max-width: 75%;\n  border-radius: 10px;\n  box-shadow: 0 2px 10px rgba(0,0,0,0.1);\n}\n\n<\/style>\t\t\t\t<\/div>\n\t\t\t\t<\/div>\n\t\t\t\t\t<\/div>\n\t\t\t\t<\/div>\n\t\t\t\t<\/div>\n\t\t","protected":false},"excerpt":{"rendered":"<p>Ventilation La ventilation a pour objectif d\u2019amener et de maintenir les produits dans des conditions de conservation optimales, qui varient selon la nature des produits et leur destination commerciale. Elle permet ainsi de contr\u00f4ler la temp\u00e9rature, l\u2019hygrom\u00e9trie et le taux de dioxyde de carbone, gr\u00e2ce \u00e0 un syst\u00e8me informatique de gestion qui pilote : la mise en fonctionnement des ventilateurs, l\u2019ouverture des volets d\u2019entr\u00e9e d\u2019air neuf, l\u2019ouverture des volets d\u2019extraction d\u2019air vici\u00e9, les dispositifs de contr\u00f4le de l\u2019humidit\u00e9 (brumisation pour l\u2019apport d\u2019eau, syst\u00e8me de brasseurs avec r\u00e9sistance pour lutter contre la condensation), l\u2019extraction du CO2 et le renouvellement de l\u2019air int\u00e9rieur. Fort de notre exp\u00e9rience, nous avons s\u00e9lectionn\u00e9 des \u00e9quipements robustes, fiables et \u00e9nerg\u00e9tiquement performants, garantissant un fonctionnement serein et durable en toutes circonstances.<\/p>\n","protected":false},"author":1,"featured_media":0,"parent":0,"menu_order":0,"comment_status":"closed","ping_status":"closed","template":"","meta":{"footnotes":""},"class_list":["post-344","page","type-page","status-publish","hentry"],"_links":{"self":[{"href":"https:\/\/www.comyn-conservation.com\/index.php\/wp-json\/wp\/v2\/pages\/344","targetHints":{"allow":["GET"]}}],"collection":[{"href":"https:\/\/www.comyn-conservation.com\/index.php\/wp-json\/wp\/v2\/pages"}],"about":[{"href":"https:\/\/www.comyn-conservation.com\/index.php\/wp-json\/wp\/v2\/types\/page"}],"author":[{"embeddable":true,"href":"https:\/\/www.comyn-conservation.com\/index.php\/wp-json\/wp\/v2\/users\/1"}],"replies":[{"embeddable":true,"href":"https:\/\/www.comyn-conservation.com\/index.php\/wp-json\/wp\/v2\/comments?post=344"}],"version-history":[{"count":16,"href":"https:\/\/www.comyn-conservation.com\/index.php\/wp-json\/wp\/v2\/pages\/344\/revisions"}],"predecessor-version":[{"id":1278,"href":"https:\/\/www.comyn-conservation.com\/index.php\/wp-json\/wp\/v2\/pages\/344\/revisions\/1278"}],"wp:attachment":[{"href":"https:\/\/www.comyn-conservation.com\/index.php\/wp-json\/wp\/v2\/media?parent=344"}],"curies":[{"name":"wp","href":"https:\/\/api.w.org\/{rel}","templated":true}]}}