{"id":331,"date":"2019-04-29T19:26:37","date_gmt":"2019-04-29T17:26:37","guid":{"rendered":"http:\/\/www.comyn-conservation.com\/Test002\/?page_id=331"},"modified":"2025-09-29T16:27:09","modified_gmt":"2025-09-29T14:27:09","slug":"dormir-1","status":"publish","type":"page","link":"https:\/\/www.comyn-conservation.com\/index.php\/dormir-1\/","title":{"rendered":"DORMIR\u00ae"},"content":{"rendered":"\t\t<div data-elementor-type=\"wp-page\" data-elementor-id=\"331\" class=\"elementor elementor-331\">\n\t\t\t\t<div class=\"elementor-element elementor-element-6684c6de e-flex e-con-boxed wpr-particle-no wpr-jarallax-no wpr-parallax-no wpr-sticky-section-no e-con e-parent\" data-id=\"6684c6de\" data-element_type=\"container\" data-e-type=\"container\">\n\t\t\t\t\t<div class=\"e-con-inner\">\n\t\t\t\t<div class=\"elementor-element elementor-element-5c57799 elementor-widget elementor-widget-html\" data-id=\"5c57799\" data-element_type=\"widget\" data-e-type=\"widget\" data-widget_type=\"html.default\">\n\t\t\t\t<div class=\"elementor-widget-container\">\n\t\t\t\t\t<section class=\"section-vrac\">\n  <div class=\"container\">\n    <h1>DORMIR\u00ae<\/h1>\n\n    <div class=\"vrac-content\">\n      <div class=\"vrac-text\">\n        <p>\n<b>DORMIR\u00ae<\/b> est un inhibiteur de germination des pommes de terre efficace qui permet de couvrir une saison compl\u00e8te de stockage. <br\/><br\/>La premi\u00e8re application doit \u00eatre r\u00e9alis\u00e9e d\u00e8s la fin du remplissage du b\u00e2timent de stockage d\u00e8s que les pommes de terre sont m\u00fbres, s\u00e8ches et cicatris\u00e9es. <br\/>\nLes applications ult\u00e9rieures peuvent \u00eatre optimis\u00e9es par une observation fine et tr\u00e8s r\u00e9guli\u00e8re des tubercules : celle-ci permettra d\u2019ajuster la dose et le moment de chaque intervention.<br\/><br\/>\n\n<b>Dosage :<\/b>\nAppliquer une dose de 10 \u00e0 20 ml par tonne de pommes de terre. Le dosage est \u00e0 affiner en fonction des param\u00e8tres de chaque situation : temp\u00e9rature de stockage, utilisation de l'Hydrazide mal\u00e9ique en culture, vari\u00e9t\u00e9,... <br\/> \n\nLe choix de la dose, du rythme et de la m\u00e9thode d\u2019application seront adapt\u00e9s en fonction des caract\u00e8res particuliers de la r\u00e9colte de pommes de terre et des pratiques de stockage.\n\n<br\/><br\/>\nDORMIR\u00ae est disponible en bidon de 10 Litres.\n<br\/><br\/>\n<a href=\"http:\/\/www.comyn-conservation.com\/Doc\/PDF\/DORMIR-FDS.pdf\" title=\"Fiche de Donn\u00e9es de S\u00e9curit\u00e9\">T\u00e9l\u00e9charger la Fiche de Donn\u00e9es de S\u00e9curit\u00e9<\/a>\n<br\/><br\/>\n<a href=\"http:\/\/www.comyn-conservation.com\/Doc\/PDF\/DORMIR-FT.pdf\" title=\"Manuel Technique\">T\u00e9l\u00e9charger le manuel Technique<\/a>\n\n        <\/p>\n      <\/div>\n\n      <div class=\"vrac-image\">\n        <img decoding=\"async\" src=\"http:\/\/www.comyn-conservation.com\/Images\/Dormir.png\" alt=\"Dormir\" \/>\n      <\/div>\n    <\/div>\n  <\/div>\n<\/section>\n\n\n\n<table border=\"1\" cellpadding=\"8\" cellspacing=\"0\" style=\"border-collapse: collapse; max-width: 1050px; width: 100%; display: inline-table;\">\n  <thead>\n    <tr style=\"background-color: #FFFFFF;\">\n      <th colspan=\"2\" style=\"text-align: left; font-size: 1.2em;\">\n        DORMIR\u00ae (AMM : 2160967) - Substance active : 1,4-dim\u00e9thylnaphtal\u00e8ne 980 g\/kg\n      <\/th>\n    <\/tr>\n  <\/thead>\n  <tbody>\n    <tr>\n      <td style=\"width: 150px; vertical-align: middle; text-align: center; justify-content: center; align-items: center;\">\n   <div style=\"display: flex; justify-content: center; gap: 8px; flex-wrap: nowrap;\">\n        <img decoding=\"async\" src=\"http:\/\/www.comyn-conservation.com\/Images\/cmr.jpg\" alt=\"Produit CMR\" style=\"width:80px; margin: 4px;\"> \n        <img decoding=\"async\" src=\"http:\/\/www.comyn-conservation.com\/Images\/nocif.jpg\" alt=\"Nocif\" style=\"width:80px; margin: 4px;\">\n        <img decoding=\"async\" src=\"http:\/\/www.comyn-conservation.com\/Images\/environnement.jpg\" alt=\"Dangereux pour l'environnement\" style=\"width:80px; margin: 4px;\">\n         <\/div>\n      <\/td>\n      <td style=\"vertical-align: top;\">\n        <p><strong>H304<\/strong> - Peut \u00eatre mortel en cas d'ingestion et de p\u00e9n\u00e9tration dans les voies respiratoires<\/p>\n        <p><strong>H319<\/strong> - Provoque une s\u00e9v\u00e8re irritation des yeux<\/p>\n        <p><strong>H400<\/strong> - Tr\u00e8s toxique pour les organismes aquatiques<\/p>\n        <p><strong>H410<\/strong> - Tr\u00e8s toxique pour les organismes aquatiques, entra\u00eene des effets \u00e0 long termes<\/p>\n      <\/td>\n    <\/tr>\n  <\/tbody>\n<\/table>\n\n<div style=\"\n  background-color: #002947;\n  color: #FFFFFF;\n  padding: 20px;\n  max-width: 800px;\n  margin: 40px auto;\n  border-radius: 8px;\n  text-align: center;\n  font-family: sans-serif;\n\">\n  <p style=\"margin: 0; color: #FFFFFF\";>\n   AVANT TOUTE UTILISATION, LISEZ L\u2019\u00c9TIQUETTE ET LES INFORMATIONS CONCERNANT LE PRODUIT.<br\/>\n\nAgr\u00e9ment PI00313 : application et distribution de produits phytopharmaceutiques \u00e0 des utilisateurs professionnels.\n\n  <\/p>\n<\/div>\n\n<style>\n.section-vrac {\n  background: #FFFFFF;\n  padding: 60px 20px;\n  font-family: 'Arial', sans-serif;\n  color: #333;\n}\n\n.container {\n  max-width: 1100px;\n  margin: 0 auto;\n}\n\n.section-vrac h1 {\n  text-align: left;\n  font-size: 2.2em;\n  color: #4a7c2e;\n  margin-bottom: 40px;\n}\n\n.vrac-content {\n  display: flex;\n  flex-wrap: wrap;\n  gap: 40px;\n  align-items: flex-start;\n}\n\n.vrac-text {\n  flex: 1 1 55%;\n  font-size: 1.05em;\n  line-height: 1.6;\n}\n\n.vrac-text ul {\n  padding-left: 20px;\n  margin: 15px 0;\n}\n\n.vrac-text li {\n  margin-bottom: 10px;\n}\n\n.vrac-image {\n  flex: 1 1 40%;\n  text-align: center;\n}\n\n.vrac-image img {\n  max-width: 75%;\n  border-radius: 10px;\n  box-shadow: 0 2px 10px rgba(0,0,0,0.1);\n}\n\n<\/style>\t\t\t\t<\/div>\n\t\t\t\t<\/div>\n\t\t\t\t\t<\/div>\n\t\t\t\t<\/div>\n\t\t\t\t<\/div>\n\t\t","protected":false},"excerpt":{"rendered":"<p>DORMIR\u00ae DORMIR\u00ae est un inhibiteur de germination des pommes de terre efficace qui permet de couvrir une saison compl\u00e8te de stockage. La premi\u00e8re application doit \u00eatre r\u00e9alis\u00e9e d\u00e8s la fin du remplissage du b\u00e2timent de stockage d\u00e8s que les pommes de terre sont m\u00fbres, s\u00e8ches et cicatris\u00e9es. Les applications ult\u00e9rieures peuvent \u00eatre optimis\u00e9es par une observation fine et tr\u00e8s r\u00e9guli\u00e8re des tubercules : celle-ci permettra d\u2019ajuster la dose et le moment de chaque intervention. Dosage : Appliquer une dose de 10 \u00e0 20 ml par tonne de pommes de terre. Le dosage est \u00e0 affiner en fonction des param\u00e8tres de chaque situation : temp\u00e9rature de stockage, utilisation de l&rsquo;Hydrazide mal\u00e9ique en culture, vari\u00e9t\u00e9,&#8230; Le choix de la dose, du rythme et de la m\u00e9thode d\u2019application seront adapt\u00e9s en fonction des caract\u00e8res particuliers de la r\u00e9colte de pommes de terre et des pratiques de stockage. DORMIR\u00ae est disponible en bidon de 10 Litres. T\u00e9l\u00e9charger la Fiche de Donn\u00e9es de S\u00e9curit\u00e9 T\u00e9l\u00e9charger le manuel Technique DORMIR\u00ae (AMM : 2160967) &#8211; Substance active : 1,4-dim\u00e9thylnaphtal\u00e8ne 980 g\/kg H304 &#8211; Peut \u00eatre mortel en cas d&rsquo;ingestion et de p\u00e9n\u00e9tration dans les voies respiratoires H319 &#8211; Provoque une s\u00e9v\u00e8re irritation des yeux H400 &#8211; Tr\u00e8s toxique pour les organismes aquatiques H410 &#8211; Tr\u00e8s toxique pour les organismes aquatiques, entra\u00eene des effets \u00e0 long termes AVANT TOUTE UTILISATION, LISEZ L\u2019\u00c9TIQUETTE ET LES INFORMATIONS CONCERNANT LE PRODUIT. Agr\u00e9ment PI00313 : application et distribution de produits phytopharmaceutiques \u00e0 des utilisateurs professionnels.<\/p>\n","protected":false},"author":1,"featured_media":0,"parent":0,"menu_order":0,"comment_status":"closed","ping_status":"closed","template":"","meta":{"footnotes":""},"class_list":["post-331","page","type-page","status-publish","hentry"],"_links":{"self":[{"href":"https:\/\/www.comyn-conservation.com\/index.php\/wp-json\/wp\/v2\/pages\/331","targetHints":{"allow":["GET"]}}],"collection":[{"href":"https:\/\/www.comyn-conservation.com\/index.php\/wp-json\/wp\/v2\/pages"}],"about":[{"href":"https:\/\/www.comyn-conservation.com\/index.php\/wp-json\/wp\/v2\/types\/page"}],"author":[{"embeddable":true,"href":"https:\/\/www.comyn-conservation.com\/index.php\/wp-json\/wp\/v2\/users\/1"}],"replies":[{"embeddable":true,"href":"https:\/\/www.comyn-conservation.com\/index.php\/wp-json\/wp\/v2\/comments?post=331"}],"version-history":[{"count":41,"href":"https:\/\/www.comyn-conservation.com\/index.php\/wp-json\/wp\/v2\/pages\/331\/revisions"}],"predecessor-version":[{"id":1314,"href":"https:\/\/www.comyn-conservation.com\/index.php\/wp-json\/wp\/v2\/pages\/331\/revisions\/1314"}],"wp:attachment":[{"href":"https:\/\/www.comyn-conservation.com\/index.php\/wp-json\/wp\/v2\/media?parent=331"}],"curies":[{"name":"wp","href":"https:\/\/api.w.org\/{rel}","templated":true}]}}