{"id":326,"date":"2019-04-29T19:24:11","date_gmt":"2019-04-29T17:24:11","guid":{"rendered":"http:\/\/www.comyn-conservation.com\/Test002\/?page_id=326"},"modified":"2025-09-29T16:26:55","modified_gmt":"2025-09-29T14:26:55","slug":"biox-m-1","status":"publish","type":"page","link":"https:\/\/www.comyn-conservation.com\/index.php\/biox-m-1\/","title":{"rendered":"BIOX-M\u00ae"},"content":{"rendered":"\t\t<div data-elementor-type=\"wp-page\" data-elementor-id=\"326\" class=\"elementor elementor-326\">\n\t\t\t\t<div class=\"elementor-element elementor-element-423ebc37 e-flex e-con-boxed wpr-particle-no wpr-jarallax-no wpr-parallax-no wpr-sticky-section-no e-con e-parent\" data-id=\"423ebc37\" data-element_type=\"container\" data-e-type=\"container\">\n\t\t\t\t\t<div class=\"e-con-inner\">\n\t\t\t\t<div class=\"elementor-element elementor-element-19ded33 elementor-widget elementor-widget-html\" data-id=\"19ded33\" data-element_type=\"widget\" data-e-type=\"widget\" data-widget_type=\"html.default\">\n\t\t\t\t<div class=\"elementor-widget-container\">\n\t\t\t\t\t<section class=\"section-vrac\">\n  <div class=\"container\">\n    <h1>BIOX-M\u00ae<\/h1>\n\n    <div class=\"vrac-content\">\n      <div class=\"vrac-text\">\n        <p>\nLe <b>BIOX-M\u00ae<\/b> est compos\u00e9 \u00e0 100 % d\u2019huile de menthe verte permettant de prolonger la dur\u00e9e de conservation, en pr\u00e9venant le d\u00e9veloppement des germes et en supprimant ceux qui pourraient se d\u00e9velopper. <br\/><br\/>\n\n<b>Dosage :<\/b>\nAppliquer une dose de 70 \u00e0 90 ml par tonne de pommes de terre selon le stade de germination. La fr\u00e9quence des applications d\u00e9pend de la vari\u00e9t\u00e9 de la pomme de terre et de sa sensibilit\u00e9 \u00e0 la germination. \n<br\/><br\/>\nBIOX-M\u00ae est disponible en bidon de 20 Litres.\n<br\/><br\/>\n<a href=\"http:\/\/www.comyn-conservation.com\/Doc\/PDF\/BIOXM-FDS.pdf\" title=\"Fiche de Donn\u00e9es de S\u00e9curit\u00e9\">T\u00e9l\u00e9charger la Fiche de Donn\u00e9es de S\u00e9curit\u00e9<\/a>\n<br\/><br\/>\n<a href=\"http:\/\/www.comyn-conservation.com\/Doc\/PDF\/BIOXM-FT.pdf\" title=\"Manuel Technique\">T\u00e9l\u00e9charger le manuel Technique<\/a>\n\n        <\/p>\n      <\/div>\n\n      <div class=\"vrac-image\">\n        <img decoding=\"async\" src=\"http:\/\/www.comyn-conservation.com\/Images\/Bioxm.png\" alt=\"BIOX-M\" \/>\n      <\/div>\n    <\/div>\n  <\/div>\n<\/section>\n\n\n\n<table border=\"1\" cellpadding=\"8\" cellspacing=\"0\" style=\"border-collapse: collapse; max-width: 1050px; width: 100%; display: inline-table;\">\n  <thead>\n    <tr style=\"background-color: #FFFFFF;\">\n      <th colspan=\"2\" style=\"text-align: left; font-size: 1.2em;\">\n       BIOX-M\u00ae (AMM : 2100194) - Substance active : huile de menthe verte : 950 g\/L\n      <\/th>\n    <\/tr>\n  <\/thead>\n  <tbody>\n    <tr>\n      <td style=\"width: 150px; vertical-align: middle; text-align: center; justify-content: center; align-items: center;\">\n   <div style=\"display: flex; justify-content: center; gap: 8px; flex-wrap: nowrap;\">\n        <img decoding=\"async\" src=\"http:\/\/www.comyn-conservation.com\/Images\/cmr.jpg\" alt=\"Produit CMR\" style=\"width:80px; margin: 4px;\"> \n        <img decoding=\"async\" src=\"http:\/\/www.comyn-conservation.com\/Images\/nocif.jpg\" alt=\"Nocif\" style=\"width:80px; margin: 4px;\">\n        <\/div>\n      <\/td>\n      <td style=\"vertical-align: top;\">\n        <p><strong>H304<\/strong> - Peut \u00eatre mortel en cas d'ingestion et de p\u00e9n\u00e9tration dans les voies respiratoires<\/p>\n        <p><strong>H317<\/strong> - Peut provoquer une allergie cutan\u00e9e<\/p>\n\n      <\/td>\n    <\/tr>\n  <\/tbody>\n<\/table>\n\n<div style=\"\n  background-color: #002947;\n  color: #FFFFFF;\n  padding: 20px;\n  max-width: 800px;\n  margin: 40px auto;\n  border-radius: 8px;\n  text-align: center;\n  font-family: sans-serif;\n\">\n  <p style=\"margin: 0; color: #FFFFFF\";>\n   AVANT TOUTE UTILISATION, LISEZ L\u2019\u00c9TIQUETTE ET LES INFORMATIONS CONCERNANT LE PRODUIT.<br\/>\n\nAgr\u00e9ment PI00313 : application et distribution de produits phytopharmaceutiques \u00e0 des utilisateurs professionnels.\n\n  <\/p>\n<\/div>\n\n<style>\n.section-vrac {\n  background: #FFFFFF;\n  padding: 60px 20px;\n  font-family: 'Arial', sans-serif;\n  color: #333;\n}\n\n.container {\n  max-width: 1100px;\n  margin: 0 auto;\n}\n\n.section-vrac h1 {\n  text-align: left;\n  font-size: 2.2em;\n  color: #4a7c2e;\n  margin-bottom: 40px;\n}\n\n.vrac-content {\n  display: flex;\n  flex-wrap: wrap;\n  gap: 40px;\n  align-items: flex-start;\n}\n\n.vrac-text {\n  flex: 1 1 55%;\n  font-size: 1.05em;\n  line-height: 1.6;\n}\n\n.vrac-text ul {\n  padding-left: 20px;\n  margin: 15px 0;\n}\n\n.vrac-text li {\n  margin-bottom: 10px;\n}\n\n.vrac-image {\n  flex: 1 1 40%;\n  text-align: center;\n}\n\n.vrac-image img {\n  max-width: 75%;\n  border-radius: 10px;\n  box-shadow: 0 2px 10px rgba(0,0,0,0.1);\n}\n\n<\/style>\t\t\t\t<\/div>\n\t\t\t\t<\/div>\n\t\t\t\t\t<\/div>\n\t\t\t\t<\/div>\n\t\t\t\t<\/div>\n\t\t","protected":false},"excerpt":{"rendered":"<p>BIOX-M\u00ae Le BIOX-M\u00ae est compos\u00e9 \u00e0 100 % d\u2019huile de menthe verte permettant de prolonger la dur\u00e9e de conservation, en pr\u00e9venant le d\u00e9veloppement des germes et en supprimant ceux qui pourraient se d\u00e9velopper. Dosage : Appliquer une dose de 70 \u00e0 90 ml par tonne de pommes de terre selon le stade de germination. La fr\u00e9quence des applications d\u00e9pend de la vari\u00e9t\u00e9 de la pomme de terre et de sa sensibilit\u00e9 \u00e0 la germination. BIOX-M\u00ae est disponible en bidon de 20 Litres. T\u00e9l\u00e9charger la Fiche de Donn\u00e9es de S\u00e9curit\u00e9 T\u00e9l\u00e9charger le manuel Technique BIOX-M\u00ae (AMM : 2100194) &#8211; Substance active : huile de menthe verte : 950 g\/L H304 &#8211; Peut \u00eatre mortel en cas d&rsquo;ingestion et de p\u00e9n\u00e9tration dans les voies respiratoires H317 &#8211; Peut provoquer une allergie cutan\u00e9e AVANT TOUTE UTILISATION, LISEZ L\u2019\u00c9TIQUETTE ET LES INFORMATIONS CONCERNANT LE PRODUIT. Agr\u00e9ment PI00313 : application et distribution de produits phytopharmaceutiques \u00e0 des utilisateurs professionnels.<\/p>\n","protected":false},"author":1,"featured_media":0,"parent":0,"menu_order":0,"comment_status":"closed","ping_status":"closed","template":"","meta":{"footnotes":""},"class_list":["post-326","page","type-page","status-publish","hentry"],"_links":{"self":[{"href":"https:\/\/www.comyn-conservation.com\/index.php\/wp-json\/wp\/v2\/pages\/326","targetHints":{"allow":["GET"]}}],"collection":[{"href":"https:\/\/www.comyn-conservation.com\/index.php\/wp-json\/wp\/v2\/pages"}],"about":[{"href":"https:\/\/www.comyn-conservation.com\/index.php\/wp-json\/wp\/v2\/types\/page"}],"author":[{"embeddable":true,"href":"https:\/\/www.comyn-conservation.com\/index.php\/wp-json\/wp\/v2\/users\/1"}],"replies":[{"embeddable":true,"href":"https:\/\/www.comyn-conservation.com\/index.php\/wp-json\/wp\/v2\/comments?post=326"}],"version-history":[{"count":43,"href":"https:\/\/www.comyn-conservation.com\/index.php\/wp-json\/wp\/v2\/pages\/326\/revisions"}],"predecessor-version":[{"id":1311,"href":"https:\/\/www.comyn-conservation.com\/index.php\/wp-json\/wp\/v2\/pages\/326\/revisions\/1311"}],"wp:attachment":[{"href":"https:\/\/www.comyn-conservation.com\/index.php\/wp-json\/wp\/v2\/media?parent=326"}],"curies":[{"name":"wp","href":"https:\/\/api.w.org\/{rel}","templated":true}]}}