{"id":320,"date":"2019-04-29T19:16:20","date_gmt":"2019-04-29T17:16:20","guid":{"rendered":"http:\/\/www.comyn-conservation.com\/Test002\/?page_id=320"},"modified":"2025-06-09T09:09:14","modified_gmt":"2025-06-09T07:09:14","slug":"antigerminatifs-1","status":"publish","type":"page","link":"https:\/\/www.comyn-conservation.com\/index.php\/antigerminatifs-1\/","title":{"rendered":"Inhibiteur de germination"},"content":{"rendered":"\t\t<div data-elementor-type=\"wp-page\" data-elementor-id=\"320\" class=\"elementor elementor-320\">\n\t\t\t\t<div class=\"elementor-element elementor-element-e701fee e-flex e-con-boxed wpr-particle-no wpr-jarallax-no wpr-parallax-no wpr-sticky-section-no e-con e-parent\" data-id=\"e701fee\" data-element_type=\"container\" data-e-type=\"container\">\n\t\t\t\t\t<div class=\"e-con-inner\">\n\t\t\t\t<div class=\"elementor-element elementor-element-9c22282 elementor-widget elementor-widget-html\" data-id=\"9c22282\" data-element_type=\"widget\" data-e-type=\"widget\" data-widget_type=\"html.default\">\n\t\t\t\t<div class=\"elementor-widget-container\">\n\t\t\t\t\t<section class=\"about-section\">\n  <h2>Produits antigerminatif pour pommes de terre<\/h2>\n  <div class=\"about-grid\">\n\n    <div class=\"about-block\">\n      \n    <a href=\"http:\/\/www.comyn-conservation.com\/index.php\/argos\/\"><img decoding=\"async\" src=\"http:\/\/www.comyn-conservation.com\/Images\/Argos.png\" alt=\"ARGOS\"><\/a>\n<\/div>\n\n<div class=\"about-block\">\n    <a href=\"http:\/\/www.comyn-conservation.com\/index.php\/biox-m-1\/\"><img decoding=\"async\" src=\"http:\/\/www.comyn-conservation.com\/Images\/Bioxm.png\" alt=\"BIOX-M\"><\/a>\n <\/div>\n    \n<div class=\"about-block\">\n    <a href=\"http:\/\/www.comyn-conservation.com\/index.php\/dormir-1\/\"><img decoding=\"async\" src=\"http:\/\/www.comyn-conservation.com\/Images\/Dormir.png\" alt=\"DORMIR\"><\/a>\n <\/div>    \n    \n    <div class=\"about-block\">\n      <h3><a href=\"http:\/\/www.comyn-conservation.com\/index.php\/thermonubilisation-des-pommes-de-terre\/\">Prestation<br\/>de Service<\/a><\/h3>\n    <\/div>\n \n    \n  <\/div>\n<\/section>\n\n<style>\n.about-section {\n  max-width: 1100px;\n  margin: 0 auto;\n  padding: 40px 20px;\n  font-family: Arial, sans-serif;\n}\n\na {\nmargin-bottom: 10px;\ncolor: #4a7c2e;\n}\n\n.about-section h2 {\n  text-align: center;\n  font-size: 2em;\n  margin-bottom: 40px;\n}\n\n.about-grid {\n  display: grid;\n  grid-template-columns: repeat(auto-fit, minmax(20px, 1fr));\n  gap: 20px;\n}\n\n.about-block {\ndisplay: flex;\n  flex-direction: column; \/* ou row si les \u00e9l\u00e9ments sont c\u00f4te \u00e0 c\u00f4te *\/\n  justify-content: center; \/* centre verticalement *\/\n  align-items: center;     \/* centre horizontalement *\/\n  text-align: center;\n  height: 100%; \/* utile si tu veux forcer le centrage vertical dans une grille fixe *\/\n  padding: 10px;\n}\n\n.about-block:hover {\n  transform: translateY(-5px);\n  box-shadow: 0 5px 20px rgba(0,0,0,0.05);\n}\n\n.about-block img {\n  width: 160px;\n  height: 60px;\n  margin-bottom: 0px;\n  text-align: center;\n  margin-top: 10px;\n  margin-left: 10px;\n}\n\n.about-block h3 {\n  margin-bottom: 10px;\n  color: #4a7c2e;\n}\n<\/style>\t\t\t\t<\/div>\n\t\t\t\t<\/div>\n\t\t\t\t\t<\/div>\n\t\t\t\t<\/div>\n\t\t\t\t<\/div>\n\t\t","protected":false},"excerpt":{"rendered":"<p>Produits antigerminatif pour pommes de terre Prestationde Service<\/p>\n","protected":false},"author":1,"featured_media":0,"parent":0,"menu_order":0,"comment_status":"closed","ping_status":"closed","template":"","meta":{"footnotes":""},"class_list":["post-320","page","type-page","status-publish","hentry"],"_links":{"self":[{"href":"https:\/\/www.comyn-conservation.com\/index.php\/wp-json\/wp\/v2\/pages\/320","targetHints":{"allow":["GET"]}}],"collection":[{"href":"https:\/\/www.comyn-conservation.com\/index.php\/wp-json\/wp\/v2\/pages"}],"about":[{"href":"https:\/\/www.comyn-conservation.com\/index.php\/wp-json\/wp\/v2\/types\/page"}],"author":[{"embeddable":true,"href":"https:\/\/www.comyn-conservation.com\/index.php\/wp-json\/wp\/v2\/users\/1"}],"replies":[{"embeddable":true,"href":"https:\/\/www.comyn-conservation.com\/index.php\/wp-json\/wp\/v2\/comments?post=320"}],"version-history":[{"count":22,"href":"https:\/\/www.comyn-conservation.com\/index.php\/wp-json\/wp\/v2\/pages\/320\/revisions"}],"predecessor-version":[{"id":1232,"href":"https:\/\/www.comyn-conservation.com\/index.php\/wp-json\/wp\/v2\/pages\/320\/revisions\/1232"}],"wp:attachment":[{"href":"https:\/\/www.comyn-conservation.com\/index.php\/wp-json\/wp\/v2\/media?parent=320"}],"curies":[{"name":"wp","href":"https:\/\/api.w.org\/{rel}","templated":true}]}}