{"id":1191,"date":"2025-06-09T07:22:49","date_gmt":"2025-06-09T05:22:49","guid":{"rendered":"http:\/\/www.comyn-conservation.com\/Test002\/?page_id=1191"},"modified":"2025-09-29T16:29:13","modified_gmt":"2025-09-29T14:29:13","slug":"argos","status":"publish","type":"page","link":"https:\/\/www.comyn-conservation.com\/index.php\/argos\/","title":{"rendered":"ARGOS\u00ae"},"content":{"rendered":"\t\t<div data-elementor-type=\"wp-page\" data-elementor-id=\"1191\" class=\"elementor elementor-1191\">\n\t\t\t\t<div class=\"elementor-element elementor-element-1bde90a e-flex e-con-boxed wpr-particle-no wpr-jarallax-no wpr-parallax-no wpr-sticky-section-no e-con e-parent\" data-id=\"1bde90a\" data-element_type=\"container\" data-e-type=\"container\">\n\t\t\t\t\t<div class=\"e-con-inner\">\n\t\t\t\t<div class=\"elementor-element elementor-element-4662bb0 elementor-widget elementor-widget-html\" data-id=\"4662bb0\" data-element_type=\"widget\" data-e-type=\"widget\" data-widget_type=\"html.default\">\n\t\t\t\t<div class=\"elementor-widget-container\">\n\t\t\t\t\t<section class=\"section-vrac\">\n  <div class=\"container\">\n    <h1>ARGOS\u00ae<\/h1>\n\n    <div class=\"vrac-content\">\n      <div class=\"vrac-text\">\n        <p>\n<b>ARGOS\u00ae<\/b> est un inhibiteur de germination naturel efficace pour les pommes de terre, utilis\u00e9 durant le stockage pour assurer un contr\u00f4le complet sur toute la saison. <br\/><br\/>\n\n<b>Dosage :<\/b>\nAppliquer une dose de 80 \u00e0 100 ml par tonne de pommes de terre toutes les 3 \u00e0 5 semaines en respectant un intervalle minimum de 21 jours entre les applications. La fr\u00e9quence des applications d\u00e9pend de la vari\u00e9t\u00e9 de la pomme de terre et de sa sensibilit\u00e9 \u00e0 la germination. \n<br\/><br\/>\nARGOS\u00ae est disponible en bidon de 20 Litres.\n<br\/><br\/>\n<a href=\"http:\/\/www.comyn-conservation.com\/Doc\/PDF\/ARGOS-FDS.pdf\" title=\"Fiche de Donn\u00e9es de S\u00e9curit\u00e9\">T\u00e9l\u00e9charger la Fiche de Donn\u00e9es de S\u00e9curit\u00e9<\/a>\n<br\/><br\/>\n<a href=\"http:\/\/www.comyn-conservation.com\/Doc\/PDF\/ARGOS-FT.pdf\" title=\"Manuel Technique\">T\u00e9l\u00e9charger le manuel Technique<\/a>\n\n        <\/p>\n      <\/div>\n\n      <div class=\"vrac-image\">\n        <img decoding=\"async\" src=\"http:\/\/www.comyn-conservation.com\/Images\/Argos.png\" alt=\"ARGOS\" \/>\n      <\/div>\n    <\/div>\n  <\/div>\n<\/section>\n\n\n\n<table border=\"1\" cellpadding=\"8\" cellspacing=\"0\" style=\"border-collapse: collapse; max-width: 1050px; width: 100%; display: inline-table;\">\n  <thead>\n    <tr style=\"background-color: #FFFFFF;\">\n      <th colspan=\"2\" style=\"text-align: left; font-size: 1.2em;\">\n        ARGOS\u00ae (AMM : 2200899) - Substance active : huile essentielle d'orange : 843.2 g\/L\n      <\/th>\n    <\/tr>\n  <\/thead>\n  <tbody>\n    <tr>\n      <td style=\"width: 150px; vertical-align: middle; text-align: center; justify-content: center; align-items: center;\">\n   <div style=\"display: flex; justify-content: center; gap: 8px; flex-wrap: nowrap;\">\n        <img decoding=\"async\" src=\"http:\/\/www.comyn-conservation.com\/Images\/cmr.jpg\" alt=\"Produit CMR\" style=\"width:80px; margin: 4px;\"> \n        <img decoding=\"async\" src=\"http:\/\/www.comyn-conservation.com\/Images\/nocif.jpg\" alt=\"Nocif\" style=\"width:80px; margin: 4px;\">\n        <\/div>\n          <div style=\"display: flex; justify-content: center; gap: 8px; flex-wrap: nowrap;\">\n        <img decoding=\"async\" src=\"http:\/\/www.comyn-conservation.com\/Images\/environnement.jpg\" alt=\"Dangereux pour l'environnement\" style=\"width:80px; margin: 4px;\">\n        <img decoding=\"async\" src=\"http:\/\/www.comyn-conservation.com\/Images\/inflammable.png\" alt=\"Inflammable\" style=\"width:80px; margin: 4px;\">\n        <\/div>\n      <\/td>\n      <td style=\"vertical-align: top;\">\n        <p><strong>H226<\/strong> - Liquide et vapeurs inflammables<\/p>\n        <p><strong>H304<\/strong> - Peut \u00eatre mortel en cas d'ingestion et de p\u00e9n\u00e9tration dans les voies respiratoires<\/p>\n        <p><strong>H315<\/strong> - Provoque une irritation cutan\u00e9e<\/p>\n        <p><strong>H317<\/strong> - Peut provoquer une allergie cutan\u00e9e<\/p>\n        <p><strong>H400<\/strong> - Tr\u00e8s toxique pour les organismes aquatiques<\/p>\n      <\/td>\n    <\/tr>\n  <\/tbody>\n<\/table>\n\n<div style=\"\n  background-color: #002947;\n  color: #FFFFFF;\n  padding: 20px;\n  max-width: 800px;\n  margin: 40px auto;\n  border-radius: 8px;\n  text-align: center;\n  font-family: sans-serif;\n\">\n  <p style=\"margin: 0; color: #FFFFFF\";>\n   AVANT TOUTE UTILISATION, LISEZ L\u2019\u00c9TIQUETTE ET LES INFORMATIONS CONCERNANT LE PRODUIT.<br\/>\n\nAgr\u00e9ment PI00313 : application et distribution de produits phytopharmaceutiques \u00e0 des utilisateurs professionnels.\n\n  <\/p>\n<\/div>\n\n<style>\n.section-vrac {\n  background: #FFFFFF;\n  padding: 60px 20px;\n  font-family: 'Arial', sans-serif;\n  color: #333;\n}\n\n.container {\n  max-width: 1100px;\n  margin: 0 auto;\n}\n\n.section-vrac h1 {\n  text-align: left;\n  font-size: 2.2em;\n  color: #4a7c2e;\n  margin-bottom: 40px;\n}\n\n.vrac-content {\n  display: flex;\n  flex-wrap: wrap;\n  gap: 40px;\n  align-items: flex-start;\n}\n\n.vrac-text {\n  flex: 1 1 55%;\n  font-size: 1.05em;\n  line-height: 1.6;\n}\n\n.vrac-text ul {\n  padding-left: 20px;\n  margin: 15px 0;\n}\n\n.vrac-text li {\n  margin-bottom: 10px;\n}\n\n.vrac-image {\n  flex: 1 1 40%;\n  text-align: center;\n}\n\n.vrac-image img {\n  max-width: 75%;\n  border-radius: 10px;\n  box-shadow: 0 2px 10px rgba(0,0,0,0.1);\n}\n\n<\/style>\t\t\t\t<\/div>\n\t\t\t\t<\/div>\n\t\t\t\t\t<\/div>\n\t\t\t\t<\/div>\n\t\t\t\t<\/div>\n\t\t","protected":false},"excerpt":{"rendered":"<p>ARGOS\u00ae ARGOS\u00ae est un inhibiteur de germination naturel efficace pour les pommes de terre, utilis\u00e9 durant le stockage pour assurer un contr\u00f4le complet sur toute la saison. Dosage : Appliquer une dose de 80 \u00e0 100 ml par tonne de pommes de terre toutes les 3 \u00e0 5 semaines en respectant un intervalle minimum de 21 jours entre les applications. La fr\u00e9quence des applications d\u00e9pend de la vari\u00e9t\u00e9 de la pomme de terre et de sa sensibilit\u00e9 \u00e0 la germination. ARGOS\u00ae est disponible en bidon de 20 Litres. T\u00e9l\u00e9charger la Fiche de Donn\u00e9es de S\u00e9curit\u00e9 T\u00e9l\u00e9charger le manuel Technique ARGOS\u00ae (AMM : 2200899) &#8211; Substance active : huile essentielle d&rsquo;orange : 843.2 g\/L H226 &#8211; Liquide et vapeurs inflammables H304 &#8211; Peut \u00eatre mortel en cas d&rsquo;ingestion et de p\u00e9n\u00e9tration dans les voies respiratoires H315 &#8211; Provoque une irritation cutan\u00e9e H317 &#8211; Peut provoquer une allergie cutan\u00e9e H400 &#8211; Tr\u00e8s toxique pour les organismes aquatiques AVANT TOUTE UTILISATION, LISEZ L\u2019\u00c9TIQUETTE ET LES INFORMATIONS CONCERNANT LE PRODUIT. Agr\u00e9ment PI00313 : application et distribution de produits phytopharmaceutiques \u00e0 des utilisateurs professionnels.<\/p>\n","protected":false},"author":1,"featured_media":0,"parent":0,"menu_order":0,"comment_status":"closed","ping_status":"closed","template":"","meta":{"footnotes":""},"class_list":["post-1191","page","type-page","status-publish","hentry"],"_links":{"self":[{"href":"https:\/\/www.comyn-conservation.com\/index.php\/wp-json\/wp\/v2\/pages\/1191","targetHints":{"allow":["GET"]}}],"collection":[{"href":"https:\/\/www.comyn-conservation.com\/index.php\/wp-json\/wp\/v2\/pages"}],"about":[{"href":"https:\/\/www.comyn-conservation.com\/index.php\/wp-json\/wp\/v2\/types\/page"}],"author":[{"embeddable":true,"href":"https:\/\/www.comyn-conservation.com\/index.php\/wp-json\/wp\/v2\/users\/1"}],"replies":[{"embeddable":true,"href":"https:\/\/www.comyn-conservation.com\/index.php\/wp-json\/wp\/v2\/comments?post=1191"}],"version-history":[{"count":23,"href":"https:\/\/www.comyn-conservation.com\/index.php\/wp-json\/wp\/v2\/pages\/1191\/revisions"}],"predecessor-version":[{"id":1320,"href":"https:\/\/www.comyn-conservation.com\/index.php\/wp-json\/wp\/v2\/pages\/1191\/revisions\/1320"}],"wp:attachment":[{"href":"https:\/\/www.comyn-conservation.com\/index.php\/wp-json\/wp\/v2\/media?parent=1191"}],"curies":[{"name":"wp","href":"https:\/\/api.w.org\/{rel}","templated":true}]}}